{"id":168,"date":"2016-11-29T09:49:02","date_gmt":"2016-11-29T09:49:02","guid":{"rendered":"http:\/\/serwer341089.lh.pl\/autoinstalator\/serwer341089.lh.pl\/wordpress109543\/?page_id=168"},"modified":"2025-08-12T18:07:21","modified_gmt":"2025-08-12T16:07:21","slug":"zaklad","status":"publish","type":"page","link":"https:\/\/rogowskikrawiectwo.pl\/index.php\/zaklad\/","title":{"rendered":"O zak\u0142adzie"},"content":{"rendered":"<div class=\"wpb-content-wrapper\"><p>[vc_row][vc_column]<div id=\"sc_title_33113936\"\n\t\tclass=\"sc_title sc_title_default\"><h3 class=\"sc_item_title sc_title_title sc_align_center sc_item_title_style_style_h1\">Roland Moda M\u0119ska<\/h3><div class=\"sc_item_subtitle_container  sc_align_center sc_item_title_style_style_h1\"><h6 class=\"sc_item_subtitle sc_title_subtitle sc_item_title_style_style_h1\">Polski zak\u0142ad produkcyjny od 1990 roku<\/h6><\/div><div class=\"sc_item_descr sc_title_descr sc_align_center\">Roland\u00ae to w\u0142asny zak\u0142ad produkcyjny Rogowski Manufaktura Krawiecka \u2013 fundament naszej dzia\u0142alno\u015bci i gwarancja jako\u015bci, nad kt\u00f3r\u0105 mamy pe\u0142n\u0105 kontrol\u0119.<\/p>\n<p>Za\u0142o\u017cony w 1990 roku przez Andrzeja Rogowskiego, powsta\u0142 na bazie dziesi\u0119cioletniego do\u015bwiadczenia w szyciu indywidualnym. Dzi\u015b to nowoczesna szwalnia , w kt\u00f3rej \u0142\u0105czymy tradycyjne rzemios\u0142o z technologi\u0105, elastyczno\u015b\u0107 z precyzj\u0105, a produkcj\u0119 z odpowiedzialno\u015bci\u0105.<\/div><\/div><!-- \/.sc_title -->[\/vc_column][\/vc_row][vc_row][vc_column width=&#8221;1\/2&#8243;][vc_empty_space alter_height=&#8221;medium&#8221; hide_on_mobile=&#8221;&#8221;][vc_gallery interval=&#8221;3&#8243; images=&#8221;1605,1604&#8243; img_size=&#8221;large&#8221;][vc_empty_space alter_height=&#8221;medium&#8221; hide_on_mobile=&#8221;&#8221;]<div id=\"sc_title_866337873\"\n\t\tclass=\"sc_title sc_title_default\"><div class=\"sc_item_subtitle_container  sc_align_default sc_item_title_style_default\"><h6 class=\"sc_item_subtitle sc_title_subtitle sc_item_title_style_default\">Co produkujemy?<\/h6><\/div><div class=\"sc_item_descr sc_title_descr sc_align_default\">Specjalizujemy si\u0119 w produkcji eleganckiej odzie\u017cy m\u0119skiej jak i damskiej:<\/p>\n<p>Garnitury klasyczne i \u015blubne<br \/>\nMarynarki, spodnie, kamizelki<br \/>\nP\u0142aszcze i kurtki<br \/>\nMundury<br \/>\nOdzie\u017c robocza i firmowa<\/p>\n<p>Obs\u0142ugujemy zar\u00f3wno potrzeby marki w\u0142asnej, jak i realizujemy produkcj\u0119 dla zewn\u0119trznych partner\u00f3w B2B \u2013 polskich i zagranicznych.<\/div><\/div><!-- \/.sc_title -->[\/vc_column][vc_column width=&#8221;1\/2&#8243;][vc_empty_space alter_height=&#8221;medium&#8221; hide_on_mobile=&#8221;&#8221;][vc_gallery interval=&#8221;3&#8243; images=&#8221;1523,1493&#8243; img_size=&#8221;large&#8221;][vc_empty_space alter_height=&#8221;medium&#8221; hide_on_mobile=&#8221;&#8221;]<div id=\"sc_title_886958051\"\n\t\tclass=\"sc_title sc_title_default\"><div class=\"sc_item_subtitle_container  sc_align_default sc_item_title_style_default\"><h6 class=\"sc_item_subtitle sc_title_subtitle sc_item_title_style_default\">Nasze mo\u017cliwo\u015bci<\/h6><\/div><div class=\"sc_item_descr sc_title_descr sc_align_default\">Nowoczesny park maszynowy<br \/>\nDo\u015bwiadczona kadra: konstruktorzy, krojownicy, szwaczki, kontrola jako\u015bci<br \/>\nW\u0142asne dzia\u0142y konstrukcji i stopniowania rozmiar\u00f3w<br \/>\nZarz\u0105dzanie produkcj\u0105 w modelach jednostkowych, ma\u0142oseryjnych i \u015brednioseryjnych<br \/>\nPe\u0142ne wsparcie w zakresie przygotowania produkcji \u2013 od wzoru po gotowy produkt<\/div><\/div><!-- \/.sc_title -->[vc_empty_space alter_height=&#8221;medium&#8221; hide_on_mobile=&#8221;&#8221;][vc_images_carousel images=&#8221;1650,1651,1652,1654,1655&#8243; img_size=&#8221;500&#215;600&#8243; autoplay=&#8221;yes&#8221; hide_prev_next_buttons=&#8221;yes&#8221; wrap=&#8221;yes&#8221;][\/vc_column][\/vc_row][vc_row][vc_column][vc_empty_space alter_height=&#8221;large&#8221; hide_on_mobile=&#8221;&#8221;][\/vc_column][\/vc_row][vc_row][vc_column]<div id=\"sc_title_117103199\"\n\t\tclass=\"sc_title sc_title_default\"><h3 class=\"sc_item_title sc_title_title sc_align_center sc_item_title_style_default\">Dlaczego warto z nami wsp\u00f3\u0142pracowa\u0107?<\/h3><div class=\"sc_item_descr sc_title_descr sc_align_center\">Rodzinna firma z ponad 40-letnim do\u015bwiadczeniem<br \/>\nProdukcja 100% w Polsce \u2013 bez po\u015brednik\u00f3w i outsourcingu<br \/>\nElastyczno\u015b\u0107 i indywidualne podej\u015bcie do ka\u017cdego zam\u00f3wienia<br \/>\nTerminowo\u015b\u0107 i wysoka jako\u015b\u0107 wykonania<br \/>\nMo\u017cliwo\u015b\u0107 kompleksowej obs\u0142ugi marek modowych i butik\u00f3w<br \/>\nZaufanie firm, kt\u00f3re wracaj\u0105 do nas z kolejnymi kolekcjami<\/div><\/div><!-- \/.sc_title -->[\/vc_column][\/vc_row][vc_row][vc_column]<div id=\"sc_title_226327377\"\n\t\tclass=\"sc_title sc_title_default\"><div class=\"sc_item_subtitle_container  sc_align_center sc_item_title_style_style_h1\"><h6 class=\"sc_item_subtitle sc_title_subtitle sc_item_title_style_style_h1\">Szukasz producenta? Skontaktuj si\u0119 z nami<\/h6><\/div><div class=\"sc_item_descr sc_title_descr sc_align_center\">Je\u015bli jeste\u015b mark\u0105, projektantem lub przedsi\u0119biorc\u0105 i potrzebujesz solidnego partnera produkcyjnego \u2013 jeste\u015bmy do dyspozycji.<\/p>\n<p>Ch\u0119tnie zaprezentujemy nasz zak\u0142ad, om\u00f3wimy Twoje potrzeby i wsp\u00f3lnie ustalimy mo\u017cliwo\u015bci wsp\u00f3\u0142pracy.<\/div><\/div><!-- \/.sc_title -->[vc_empty_space alter_height=&#8221;small&#8221; hide_on_mobile=&#8221;&#8221;][\/vc_column][\/vc_row][vc_row][vc_column]<div class=\"sc_item_button sc_button_wrap sc_align_center\"><a href=\"\/index.php\/kontakt-3\/\" id=\"sc_button_1198827505\" class=\"sc_button sc_button_default sc_button_size_normal sc_button_icon_left\"><span class=\"sc_button_text sc_align_center\"><span class=\"sc_button_title\">Kontakt!<\/span><\/span><!-- \/.sc_button_text --><\/a><!-- \/.sc_button --><\/div><!-- \/.sc_item_button -->[\/vc_column][\/vc_row][vc_row][vc_column][vc_empty_space alter_height=&#8221;large&#8221; hide_on_mobile=&#8221;&#8221;][\/vc_column][\/vc_row][vc_row][vc_column][vc_masonry_media_grid element_width=&#8221;12&#8243; grid_id=&#8221;vc_gid:1755014764061-43240577b1caebdf24ac09c240a1dc19-10&#8243; include=&#8221;1646&#8243;][\/vc_column][\/vc_row][vc_row][vc_column][vc_empty_space alter_height=&#8221;huge&#8221; hide_on_mobile=&#8221;&#8221;][\/vc_column][\/vc_row]<\/p>\n<\/div>","protected":false},"excerpt":{"rendered":"<p>[vc_row][vc_column][\/vc_column][\/vc_row][vc_row][vc_column width=&#8221;1\/2&#8243;][vc_empty_space alter_height=&#8221;medium&#8221; hide_on_mobile=&#8221;&#8221;][vc_gallery interval=&#8221;3&#8243; images=&#8221;1605,1604&#8243; img_size=&#8221;large&#8221;][vc_empty_space alter_height=&#8221;medium&#8221; hide_on_mobile=&#8221;&#8221;][\/vc_column][vc_column width=&#8221;1\/2&#8243;][vc_empty_space alter_height=&#8221;medium&#8221; hide_on_mobile=&#8221;&#8221;][vc_gallery interval=&#8221;3&#8243; images=&#8221;1523,1493&#8243; img_size=&#8221;large&#8221;][vc_empty_space alter_height=&#8221;medium&#8221; hide_on_mobile=&#8221;&#8221;][vc_empty_space alter_height=&#8221;medium&#8221; hide_on_mobile=&#8221;&#8221;][vc_images_carousel images=&#8221;1650,1651,1652,1654,1655&#8243; img_size=&#8221;500&#215;600&#8243; autoplay=&#8221;yes&#8221; hide_prev_next_buttons=&#8221;yes&#8221; wrap=&#8221;yes&#8221;][\/vc_column][\/vc_row][vc_row][vc_column][vc_empty_space alter_height=&#8221;large&#8221; hide_on_mobile=&#8221;&#8221;][\/vc_column][\/vc_row][vc_row][vc_column][\/vc_column][\/vc_row][vc_row][vc_column][vc_empty_space alter_height=&#8221;small&#8221; hide_on_mobile=&#8221;&#8221;][\/vc_column][\/vc_row][vc_row][vc_column][\/vc_column][\/vc_row][vc_row][vc_column][vc_empty_space alter_height=&#8221;large&#8221; hide_on_mobile=&#8221;&#8221;][\/vc_column][\/vc_row][vc_row][vc_column][vc_masonry_media_grid element_width=&#8221;12&#8243; grid_id=&#8221;vc_gid:1755014764061-43240577b1caebdf24ac09c240a1dc19-10&#8243; include=&#8221;1646&#8243;][\/vc_column][\/vc_row][vc_row][vc_column][vc_empty_space alter_height=&#8221;huge&#8221; hide_on_mobile=&#8221;&#8221;][\/vc_column][\/vc_row]<\/p>\n","protected":false},"author":1,"featured_media":0,"parent":0,"menu_order":0,"comment_status":"closed","ping_status":"closed","template":"","meta":{"_gspb_post_css":"","footnotes":""},"class_list":["post-168","page","type-page","status-publish","hentry"],"_links":{"self":[{"href":"https:\/\/rogowskikrawiectwo.pl\/index.php\/wp-json\/wp\/v2\/pages\/168","targetHints":{"allow":["GET"]}}],"collection":[{"href":"https:\/\/rogowskikrawiectwo.pl\/index.php\/wp-json\/wp\/v2\/pages"}],"about":[{"href":"https:\/\/rogowskikrawiectwo.pl\/index.php\/wp-json\/wp\/v2\/types\/page"}],"author":[{"embeddable":true,"href":"https:\/\/rogowskikrawiectwo.pl\/index.php\/wp-json\/wp\/v2\/users\/1"}],"replies":[{"embeddable":true,"href":"https:\/\/rogowskikrawiectwo.pl\/index.php\/wp-json\/wp\/v2\/comments?post=168"}],"version-history":[{"count":14,"href":"https:\/\/rogowskikrawiectwo.pl\/index.php\/wp-json\/wp\/v2\/pages\/168\/revisions"}],"predecessor-version":[{"id":1739,"href":"https:\/\/rogowskikrawiectwo.pl\/index.php\/wp-json\/wp\/v2\/pages\/168\/revisions\/1739"}],"wp:attachment":[{"href":"https:\/\/rogowskikrawiectwo.pl\/index.php\/wp-json\/wp\/v2\/media?parent=168"}],"curies":[{"name":"wp","href":"https:\/\/api.w.org\/{rel}","templated":true}]}}