{"id":1481,"date":"2025-08-05T12:51:35","date_gmt":"2025-08-05T10:51:35","guid":{"rendered":"http:\/\/serwer341089.lh.pl\/autoinstalator\/serwer341089.lh.pl\/wordpress109543\/?page_id=1481"},"modified":"2025-08-12T08:24:58","modified_gmt":"2025-08-12T06:24:58","slug":"galeria-12","status":"publish","type":"page","link":"https:\/\/rogowskikrawiectwo.pl\/index.php\/galeria-12\/","title":{"rendered":"Galeria"},"content":{"rendered":"<div class=\"wpb-content-wrapper\"><p>[vc_row][vc_column][vc_separator style=&#8221;double&#8221; border_width=&#8221;2&#8243;][vc_empty_space alter_height=&#8221;small&#8221; hide_on_mobile=&#8221;&#8221;]<div id=\"sc_title_946940415\"\n\t\tclass=\"sc_title sc_title_default\"><h3 class=\"sc_item_title sc_title_title sc_align_center sc_item_title_style_style_h1\">Dodatki \u2013 styl w detalach<\/h3><div class=\"sc_item_subtitle_container  sc_align_center sc_item_title_style_style_h1\"><h6 class=\"sc_item_subtitle sc_title_subtitle sc_item_title_style_style_h1\">To w\u0142a\u015bnie dodatki definiuj\u0105 klas\u0119 m\u0119skiej stylizacji. Krawaty, poszetki, muchy, paski, spinki \u2013 tworz\u0105 ca\u0142o\u015b\u0107.<\/h6><\/div><\/div><!-- \/.sc_title -->[vc_empty_space alter_height=&#8221;small&#8221; hide_on_mobile=&#8221;&#8221;][vc_separator style=&#8221;double&#8221; border_width=&#8221;2&#8243;][\/vc_column][\/vc_row][vc_row][vc_column][vc_empty_space alter_height=&#8221;large&#8221; hide_on_mobile=&#8221;&#8221;][\/vc_column][\/vc_row][vc_row][vc_column][vc_column_text]<\/p>\n<h4><strong>Dodatki m\u0119skie \u2013 detale, kt\u00f3re tworz\u0105 Tw\u00f3j styl<\/strong><\/h4>\n<p>&nbsp;<\/p>\n<p>&nbsp;<\/p>\n<p>W Rogowski Manufaktura oferujemy szeroki wyb\u00f3r eleganckich dodatk\u00f3w m\u0119skich, kt\u00f3re dope\u0142niaj\u0105 ka\u017cd\u0105 stylizacj\u0119 \u2013 od formalnych garnitur\u00f3w po casualowe zestawy. Nasza kolekcja obejmuje koszule m\u0119skie, krawaty, muchy, poszetki, spinki do mankiet\u00f3w, paski sk\u00f3rzane oraz buty m\u0119skie wykonane z najwy\u017cszej jako\u015bci materia\u0142\u00f3w.<\/p>\n<p>&nbsp;<\/p>\n<p>Koszule m\u0119skie szyjemy z naturalnych tkanin \u2013 bawe\u0142ny, lnu i mieszanek premium \u2013 w krojach klasycznych oraz slim fit. Krawaty i muchy powstaj\u0105 z jedwabiu, we\u0142ny lub lnu, a ich wzornictwo obejmuje zar\u00f3wno g\u0142adkie modele, jak i modne mikrowzory czy kraty. W ofercie znajduj\u0105 si\u0119 tak\u017ce spinki do mankiet\u00f3w, kt\u00f3re dodaj\u0105 elegancji ka\u017cdemu zestawowi, oraz sk\u00f3rzane buty m\u0119skie szyte tradycyjnymi metodami.<\/p>\n<p>&nbsp;<\/p>\n<p>Ka\u017cdy element kolekcji dobieramy z my\u015bl\u0105 o sp\u00f3jno\u015bci wizerunku \u2013 tak, aby idealnie komponowa\u0142 si\u0119 z garniturami, marynarkami czy p\u0142aszczami Rogowski Manufaktura. Dzi\u0119ki do\u015bwiadczeniu naszych doradc\u00f3w wizerunkowych, pomo\u017cemy stworzy\u0107 zestaw, kt\u00f3ry b\u0119dzie harmonijnym po\u0142\u0105czeniem elegancji, jako\u015bci i indywidualnego charakteru.[\/vc_column_text][\/vc_column][\/vc_row][vc_row][vc_column][vc_empty_space alter_height=&#8221;large&#8221; hide_on_mobile=&#8221;&#8221;][\/vc_column][\/vc_row][vc_row][vc_column][vc_single_image image=&#8221;1538&#8243; img_size=&#8221;large&#8221;][\/vc_column][\/vc_row][vc_row][vc_column][vc_empty_space alter_height=&#8221;large&#8221; hide_on_mobile=&#8221;&#8221;][\/vc_column][\/vc_row]<\/p>\n<\/div>","protected":false},"excerpt":{"rendered":"<p>[vc_row][vc_column][vc_separator style=&#8221;double&#8221; border_width=&#8221;2&#8243;][vc_empty_space alter_height=&#8221;small&#8221; hide_on_mobile=&#8221;&#8221;][vc_empty_space alter_height=&#8221;small&#8221; hide_on_mobile=&#8221;&#8221;][vc_separator style=&#8221;double&#8221; border_width=&#8221;2&#8243;][\/vc_column][\/vc_row][vc_row][vc_column][vc_empty_space alter_height=&#8221;large&#8221; hide_on_mobile=&#8221;&#8221;][\/vc_column][\/vc_row][vc_row][vc_column][vc_column_text] Dodatki m\u0119skie \u2013 detale, kt\u00f3re tworz\u0105 Tw\u00f3j styl &nbsp; &nbsp; W Rogowski Manufaktura oferujemy szeroki wyb\u00f3r eleganckich dodatk\u00f3w m\u0119skich, kt\u00f3re dope\u0142niaj\u0105 ka\u017cd\u0105 stylizacj\u0119 \u2013 od formalnych garnitur\u00f3w po casualowe zestawy. Nasza kolekcja obejmuje koszule m\u0119skie, krawaty, muchy, poszetki, spinki do mankiet\u00f3w, paski sk\u00f3rzane oraz buty m\u0119skie wykonane z najwy\u017cszej&hellip;<\/p>\n","protected":false},"author":1,"featured_media":0,"parent":0,"menu_order":0,"comment_status":"closed","ping_status":"closed","template":"","meta":{"_gspb_post_css":"","footnotes":""},"class_list":["post-1481","page","type-page","status-publish","hentry"],"_links":{"self":[{"href":"https:\/\/rogowskikrawiectwo.pl\/index.php\/wp-json\/wp\/v2\/pages\/1481","targetHints":{"allow":["GET"]}}],"collection":[{"href":"https:\/\/rogowskikrawiectwo.pl\/index.php\/wp-json\/wp\/v2\/pages"}],"about":[{"href":"https:\/\/rogowskikrawiectwo.pl\/index.php\/wp-json\/wp\/v2\/types\/page"}],"author":[{"embeddable":true,"href":"https:\/\/rogowskikrawiectwo.pl\/index.php\/wp-json\/wp\/v2\/users\/1"}],"replies":[{"embeddable":true,"href":"https:\/\/rogowskikrawiectwo.pl\/index.php\/wp-json\/wp\/v2\/comments?post=1481"}],"version-history":[{"count":6,"href":"https:\/\/rogowskikrawiectwo.pl\/index.php\/wp-json\/wp\/v2\/pages\/1481\/revisions"}],"predecessor-version":[{"id":1753,"href":"https:\/\/rogowskikrawiectwo.pl\/index.php\/wp-json\/wp\/v2\/pages\/1481\/revisions\/1753"}],"wp:attachment":[{"href":"https:\/\/rogowskikrawiectwo.pl\/index.php\/wp-json\/wp\/v2\/media?parent=1481"}],"curies":[{"name":"wp","href":"https:\/\/api.w.org\/{rel}","templated":true}]}}