{"id":1480,"date":"2025-08-05T12:51:35","date_gmt":"2025-08-05T10:51:35","guid":{"rendered":"http:\/\/serwer341089.lh.pl\/autoinstalator\/serwer341089.lh.pl\/wordpress109543\/?page_id=1480"},"modified":"2025-08-12T15:26:13","modified_gmt":"2025-08-12T13:26:13","slug":"galeria-11","status":"publish","type":"page","link":"https:\/\/rogowskikrawiectwo.pl\/index.php\/galeria-11\/","title":{"rendered":"Galeria"},"content":{"rendered":"<div class=\"wpb-content-wrapper\"><p>[vc_row][vc_column][vc_separator style=&#8221;double&#8221; border_width=&#8221;2&#8243;][vc_empty_space alter_height=&#8221;small&#8221; hide_on_mobile=&#8221;&#8221;]<div id=\"sc_title_1467657375\"\n\t\tclass=\"sc_title sc_title_default\"><h3 class=\"sc_item_title sc_title_title sc_align_center sc_item_title_style_style_h1\">Spodnie i Kamizelki<\/h3><div class=\"sc_item_subtitle_container  sc_align_center sc_item_title_style_style_h1\"><h6 class=\"sc_item_subtitle sc_title_subtitle sc_item_title_style_style_h1\">perfekcyjne uzupe\u0142nienie eleganckiej garderoby<\/h6><\/div><\/div><!-- \/.sc_title -->[vc_empty_space alter_height=&#8221;small&#8221; hide_on_mobile=&#8221;&#8221;][vc_separator style=&#8221;double&#8221; border_width=&#8221;2&#8243;][\/vc_column][\/vc_row][vc_row][vc_column][vc_empty_space alter_height=&#8221;large&#8221; hide_on_mobile=&#8221;&#8221;][\/vc_column][\/vc_row][vc_row][vc_column][vc_empty_space alter_height=&#8221;large&#8221; hide_on_mobile=&#8221;&#8221;][\/vc_column][\/vc_row][vc_row][vc_column width=&#8221;2\/3&#8243;][vc_images_carousel images=&#8221;1620,1619&#8243; img_size=&#8221;600&#215;400&#8243;][\/vc_column][vc_column width=&#8221;1\/3&#8243;][vc_column_text]<\/p>\n<h4>Rogowski Manufaktura krawiecka \u2013 detale, kt\u00f3re definiuj\u0105 Tw\u00f3j styl.<\/h4>\n<p>&nbsp;<\/p>\n<p>&nbsp;<\/p>\n<p>W Rogowski Manufaktura oferujemy spodnie m\u0119skie i kamizelki m\u0119skie szyte z najwy\u017cszej jako\u015bci tkanin, kt\u00f3re doskonale komponuj\u0105 si\u0119 z garniturami, marynarkami lub tworz\u0105 eleganckie zestawy koordynowane. Nasze modele powstaj\u0105 w oparciu o tradycyjne rzemios\u0142o krawieckie i nowoczesne techniki konstrukcji, co zapewnia idealne dopasowanie, komfort noszenia i ponadczasowy wygl\u0105d.<\/p>\n<p>&nbsp;<\/p>\n<p>W ofercie znajdziesz spodnie w krojach klasycznych i nowoczesnych, w tym spodnie garniturowe, spodnie wizytowe oraz modele wykonane z we\u0142ny, lnu czy mieszanek o podwy\u017cszonej odporno\u015bci na zagniecenia. Kamizelki dost\u0119pne s\u0105 w wersjach jednorz\u0119dowych i dwurz\u0119dowych, z tkanin g\u0142adkich, w krat\u0119, w pr\u0105\u017cek lub o subtelnych fakturach.[\/vc_column_text][\/vc_column][\/vc_row][vc_row][vc_column][vc_empty_space alter_height=&#8221;large&#8221; hide_on_mobile=&#8221;&#8221;][\/vc_column][\/vc_row][vc_row full_width=&#8221;stretch_row_content&#8221; equal_height=&#8221;yes&#8221; content_placement=&#8221;middle&#8221; css=&#8221;.vc_custom_1755005054433{background-color: #202126 !important;background-position: center !important;background-repeat: no-repeat !important;background-size: cover !important;}&#8221;][vc_column][vc_empty_space alter_height=&#8221;medium&#8221; hide_on_mobile=&#8221;&#8221;][vc_column_text]<\/p>\n<h4 style=\"text-align: center;\"><strong>&#8222;Elegancja to jedyne pi\u0119kno, kt\u00f3re nie przemija&#8221;- AUDREY HEPBURN<\/strong><\/h4>\n<p>[\/vc_column_text][vc_empty_space alter_height=&#8221;medium&#8221; hide_on_mobile=&#8221;&#8221;][\/vc_column][\/vc_row][vc_row][vc_column][vc_empty_space alter_height=&#8221;large&#8221; hide_on_mobile=&#8221;&#8221;][vc_row_inner][vc_column_inner width=&#8221;1\/3&#8243;][vc_column_text]<\/p>\n<h4 style=\"text-align: left;\"><strong>SPODNIE I KAMIZELKI, KT\u00d3RE PODKRE\u015aLAJ\u0104 KLAS\u0118 M\u0118\u017bCZYZNY<\/strong><\/h4>\n<p>[\/vc_column_text][\/vc_column_inner][vc_column_inner width=&#8221;2\/3&#8243;][vc_images_carousel images=&#8221;1546,1687,1619,1620,1599&#8243; img_size=&#8221;large&#8221;][\/vc_column_inner][\/vc_row_inner][\/vc_column][\/vc_row][vc_row][vc_column][\/vc_column][\/vc_row]<\/p>\n<\/div>","protected":false},"excerpt":{"rendered":"<p>[vc_row][vc_column][vc_separator style=&#8221;double&#8221; border_width=&#8221;2&#8243;][vc_empty_space alter_height=&#8221;small&#8221; hide_on_mobile=&#8221;&#8221;][vc_empty_space alter_height=&#8221;small&#8221; hide_on_mobile=&#8221;&#8221;][vc_separator style=&#8221;double&#8221; border_width=&#8221;2&#8243;][\/vc_column][\/vc_row][vc_row][vc_column][vc_empty_space alter_height=&#8221;large&#8221; hide_on_mobile=&#8221;&#8221;][\/vc_column][\/vc_row][vc_row][vc_column][vc_empty_space alter_height=&#8221;large&#8221; hide_on_mobile=&#8221;&#8221;][\/vc_column][\/vc_row][vc_row][vc_column width=&#8221;2\/3&#8243;][vc_images_carousel images=&#8221;1620,1619&#8243; img_size=&#8221;600&#215;400&#8243;][\/vc_column][vc_column width=&#8221;1\/3&#8243;][vc_column_text] Rogowski Manufaktura krawiecka \u2013 detale, kt\u00f3re definiuj\u0105 Tw\u00f3j styl. &nbsp; &nbsp; W Rogowski Manufaktura oferujemy spodnie m\u0119skie i kamizelki m\u0119skie szyte z najwy\u017cszej jako\u015bci tkanin, kt\u00f3re doskonale komponuj\u0105 si\u0119 z garniturami, marynarkami lub tworz\u0105 eleganckie zestawy koordynowane. Nasze modele powstaj\u0105 w oparciu o&hellip;<\/p>\n","protected":false},"author":1,"featured_media":0,"parent":0,"menu_order":0,"comment_status":"closed","ping_status":"closed","template":"","meta":{"_gspb_post_css":"","footnotes":""},"class_list":["post-1480","page","type-page","status-publish","hentry"],"_links":{"self":[{"href":"https:\/\/rogowskikrawiectwo.pl\/index.php\/wp-json\/wp\/v2\/pages\/1480","targetHints":{"allow":["GET"]}}],"collection":[{"href":"https:\/\/rogowskikrawiectwo.pl\/index.php\/wp-json\/wp\/v2\/pages"}],"about":[{"href":"https:\/\/rogowskikrawiectwo.pl\/index.php\/wp-json\/wp\/v2\/types\/page"}],"author":[{"embeddable":true,"href":"https:\/\/rogowskikrawiectwo.pl\/index.php\/wp-json\/wp\/v2\/users\/1"}],"replies":[{"embeddable":true,"href":"https:\/\/rogowskikrawiectwo.pl\/index.php\/wp-json\/wp\/v2\/comments?post=1480"}],"version-history":[{"count":8,"href":"https:\/\/rogowskikrawiectwo.pl\/index.php\/wp-json\/wp\/v2\/pages\/1480\/revisions"}],"predecessor-version":[{"id":1754,"href":"https:\/\/rogowskikrawiectwo.pl\/index.php\/wp-json\/wp\/v2\/pages\/1480\/revisions\/1754"}],"wp:attachment":[{"href":"https:\/\/rogowskikrawiectwo.pl\/index.php\/wp-json\/wp\/v2\/media?parent=1480"}],"curies":[{"name":"wp","href":"https:\/\/api.w.org\/{rel}","templated":true}]}}