{"id":1479,"date":"2025-08-05T12:51:35","date_gmt":"2025-08-05T10:51:35","guid":{"rendered":"http:\/\/serwer341089.lh.pl\/autoinstalator\/serwer341089.lh.pl\/wordpress109543\/?page_id=1479"},"modified":"2025-08-12T15:26:22","modified_gmt":"2025-08-12T13:26:22","slug":"galeria-10","status":"publish","type":"page","link":"https:\/\/rogowskikrawiectwo.pl\/index.php\/galeria-10\/","title":{"rendered":"Galeria"},"content":{"rendered":"<div class=\"wpb-content-wrapper\"><p>[vc_row][vc_column][vc_separator style=&#8221;double&#8221; border_width=&#8221;2&#8243;][vc_empty_space alter_height=&#8221;small&#8221; hide_on_mobile=&#8221;&#8221;]<div id=\"sc_title_739680706\"\n\t\tclass=\"sc_title sc_title_default\"><h3 class=\"sc_item_title sc_title_title sc_align_center sc_item_title_style_style_h1\">Kurtki i P\u0142aszcze<\/h3><div class=\"sc_item_subtitle_container  sc_align_center sc_item_title_style_style_h1\"><h6 class=\"sc_item_subtitle sc_title_subtitle sc_item_title_style_style_h1\">styl i funkcjonalno\u015b\u0107 o ka\u017cdej porze roku<\/h6><\/div><\/div><!-- \/.sc_title -->[vc_empty_space alter_height=&#8221;small&#8221; hide_on_mobile=&#8221;&#8221;][vc_separator style=&#8221;double&#8221; border_width=&#8221;2&#8243;][\/vc_column][\/vc_row][vc_row][vc_column][vc_empty_space alter_height=&#8221;large&#8221; hide_on_mobile=&#8221;&#8221;][\/vc_column][\/vc_row][vc_row][vc_column width=&#8221;2\/3&#8243;][vc_gallery interval=&#8221;5&#8243; images=&#8221;1670,1671,1672,1674,1677&#8243; img_size=&#8221;large&#8221;][\/vc_column][vc_column width=&#8221;1\/3&#8243;][vc_column_text]<\/p>\n<h4><strong>kurtki i p\u0142aszcze, kt\u00f3re definiuj\u0105 elegancj\u0119 w ruchu.<\/strong><\/h4>\n<div><\/div>\n<p>&nbsp;<\/p>\n<p>&nbsp;<\/p>\n<p>W Rogowski Manufaktura oferujemy kurtki m\u0119skie i p\u0142aszcze m\u0119skie wykonane z najwy\u017cszej jako\u015bci tkanin, kt\u00f3re \u0142\u0105cz\u0105 elegancj\u0119 z praktyczno\u015bci\u0105. Nasze modele powstaj\u0105 z dba\u0142o\u015bci\u0105 o detale i perfekcyjne dopasowanie, dzi\u0119ki czemu zapewniaj\u0105 komfort noszenia, ochron\u0119 przed warunkami atmosferycznymi oraz nienaganny wygl\u0105d.<\/p>\n<p>&nbsp;<\/p>\n<p>W ofercie znajdziesz p\u0142aszcze we\u0142niane, dyplomatki, budrys\u00f3wki, a tak\u017ce eleganckie p\u0142aszcze dwurz\u0119dowe i klasyczne jednorz\u0119dowe. Proponujemy tak\u017ce kurtki m\u0119skie w stylu smart casual \u2013 od lekkich modeli przej\u015bciowych po ocieplane wersje na zim\u0119. Ka\u017cdy produkt dost\u0119pny jest w wersji gotowej lub w opcji szycia na miar\u0119, co pozwala idealnie dopasowa\u0107 go do sylwetki i indywidualnego stylu.<\/p>\n<p>&nbsp;<\/p>\n<p>Stosujemy tkaniny premium \u2013 we\u0142ny czesankowe, mieszanki z kaszmirem, a w przypadku kurtek r\u00f3wnie\u017c nowoczesne materia\u0142y techniczne. Dzi\u0119ki temu nasze p\u0142aszcze i kurtki s\u0105 nie tylko stylowe, ale tak\u017ce trwa\u0142e i funkcjonalne.<\/p>\n<p>&nbsp;[\/vc_column_text][\/vc_column][\/vc_row][vc_row][vc_column][vc_empty_space alter_height=&#8221;medium&#8221; hide_on_mobile=&#8221;&#8221;][vc_row_inner][vc_column_inner width=&#8221;1\/3&#8243;][vc_single_image image=&#8221;1535&#8243; img_size=&#8221;large&#8221;][\/vc_column_inner][vc_column_inner width=&#8221;1\/3&#8243;][vc_single_image image=&#8221;1674&#8243; img_size=&#8221;large&#8221;][\/vc_column_inner][vc_column_inner width=&#8221;1\/3&#8243;][vc_single_image image=&#8221;1675&#8243; img_size=&#8221;large&#8221;][\/vc_column_inner][\/vc_row_inner][\/vc_column][\/vc_row][vc_row][vc_column][vc_empty_space alter_height=&#8221;large&#8221; hide_on_mobile=&#8221;&#8221;][\/vc_column][\/vc_row][vc_row full_width=&#8221;stretch_row_content&#8221; equal_height=&#8221;yes&#8221; content_placement=&#8221;middle&#8221; scheme=&#8221;dark&#8221; css=&#8221;.vc_custom_1755004932186{background-color: #202126 !important;background-position: center !important;background-repeat: no-repeat !important;background-size: cover !important;}&#8221;][vc_column][vc_empty_space alter_height=&#8221;medium&#8221; hide_on_mobile=&#8221;&#8221;][vc_column_text]<\/p>\n<h4 style=\"text-align: center;\"><strong>&#8222;Elegancja jest w szczeg\u00f3\u0142ach. P\u0142aszcz, kt\u00f3ry uk\u0142ada si\u0119 idealnie, m\u00f3wi wi\u0119cej ni\u017c tysi\u0105c s\u0142\u00f3w&#8221;\u00a0 &#8211; Honore de Balzac<\/strong><\/h4>\n<p>[\/vc_column_text][vc_empty_space alter_height=&#8221;medium&#8221; hide_on_mobile=&#8221;&#8221;][\/vc_column][\/vc_row][vc_row][vc_column][vc_empty_space alter_height=&#8221;medium&#8221; hide_on_mobile=&#8221;&#8221;][\/vc_column][\/vc_row][vc_row][vc_column width=&#8221;1\/3&#8243;][vc_column_text]<\/p>\n<h4><strong>perfekcja wykonania, dba\u0142o\u015b\u0107 o szczeg\u00f3\u0142y.<\/strong><\/h4>\n<p>[\/vc_column_text][\/vc_column][vc_column width=&#8221;2\/3&#8243;][vc_gallery interval=&#8221;3&#8243; images=&#8221;1677,1675,1674,1671,1670&#8243; img_size=&#8221;large&#8221;][\/vc_column][\/vc_row][vc_row][vc_column][vc_empty_space alter_height=&#8221;large&#8221; hide_on_mobile=&#8221;&#8221;][\/vc_column][\/vc_row][vc_row][vc_column width=&#8221;1\/3&#8243;][vc_single_image image=&#8221;1695&#8243; img_size=&#8221;large&#8221;][\/vc_column][vc_column width=&#8221;1\/3&#8243;][vc_single_image image=&#8221;1677&#8243; img_size=&#8221;large&#8221;][\/vc_column][vc_column width=&#8221;1\/3&#8243;][vc_single_image image=&#8221;1672&#8243; img_size=&#8221;large&#8221;][\/vc_column][\/vc_row]<\/p>\n<\/div>","protected":false},"excerpt":{"rendered":"<p>[vc_row][vc_column][vc_separator style=&#8221;double&#8221; border_width=&#8221;2&#8243;][vc_empty_space alter_height=&#8221;small&#8221; hide_on_mobile=&#8221;&#8221;][vc_empty_space alter_height=&#8221;small&#8221; hide_on_mobile=&#8221;&#8221;][vc_separator style=&#8221;double&#8221; border_width=&#8221;2&#8243;][\/vc_column][\/vc_row][vc_row][vc_column][vc_empty_space alter_height=&#8221;large&#8221; hide_on_mobile=&#8221;&#8221;][\/vc_column][\/vc_row][vc_row][vc_column width=&#8221;2\/3&#8243;][vc_gallery interval=&#8221;5&#8243; images=&#8221;1670,1671,1672,1674,1677&#8243; img_size=&#8221;large&#8221;][\/vc_column][vc_column width=&#8221;1\/3&#8243;][vc_column_text] kurtki i p\u0142aszcze, kt\u00f3re definiuj\u0105 elegancj\u0119 w ruchu. &nbsp; &nbsp; W Rogowski Manufaktura oferujemy kurtki m\u0119skie i p\u0142aszcze m\u0119skie wykonane z najwy\u017cszej jako\u015bci tkanin, kt\u00f3re \u0142\u0105cz\u0105 elegancj\u0119 z praktyczno\u015bci\u0105. Nasze modele powstaj\u0105 z dba\u0142o\u015bci\u0105 o detale i perfekcyjne dopasowanie, dzi\u0119ki czemu zapewniaj\u0105 komfort noszenia,&hellip;<\/p>\n","protected":false},"author":1,"featured_media":0,"parent":0,"menu_order":0,"comment_status":"closed","ping_status":"closed","template":"","meta":{"_gspb_post_css":"","footnotes":""},"class_list":["post-1479","page","type-page","status-publish","hentry"],"_links":{"self":[{"href":"https:\/\/rogowskikrawiectwo.pl\/index.php\/wp-json\/wp\/v2\/pages\/1479","targetHints":{"allow":["GET"]}}],"collection":[{"href":"https:\/\/rogowskikrawiectwo.pl\/index.php\/wp-json\/wp\/v2\/pages"}],"about":[{"href":"https:\/\/rogowskikrawiectwo.pl\/index.php\/wp-json\/wp\/v2\/types\/page"}],"author":[{"embeddable":true,"href":"https:\/\/rogowskikrawiectwo.pl\/index.php\/wp-json\/wp\/v2\/users\/1"}],"replies":[{"embeddable":true,"href":"https:\/\/rogowskikrawiectwo.pl\/index.php\/wp-json\/wp\/v2\/comments?post=1479"}],"version-history":[{"count":10,"href":"https:\/\/rogowskikrawiectwo.pl\/index.php\/wp-json\/wp\/v2\/pages\/1479\/revisions"}],"predecessor-version":[{"id":1755,"href":"https:\/\/rogowskikrawiectwo.pl\/index.php\/wp-json\/wp\/v2\/pages\/1479\/revisions\/1755"}],"wp:attachment":[{"href":"https:\/\/rogowskikrawiectwo.pl\/index.php\/wp-json\/wp\/v2\/media?parent=1479"}],"curies":[{"name":"wp","href":"https:\/\/api.w.org\/{rel}","templated":true}]}}