{"id":1478,"date":"2025-08-05T12:51:35","date_gmt":"2025-08-05T10:51:35","guid":{"rendered":"http:\/\/serwer341089.lh.pl\/autoinstalator\/serwer341089.lh.pl\/wordpress109543\/?page_id=1478"},"modified":"2025-08-12T15:22:56","modified_gmt":"2025-08-12T13:22:56","slug":"galeria-9","status":"publish","type":"page","link":"https:\/\/rogowskikrawiectwo.pl\/index.php\/galeria-9\/","title":{"rendered":"Galeria"},"content":{"rendered":"<div class=\"wpb-content-wrapper\"><p>[vc_row][vc_column][vc_separator style=&#8221;double&#8221; border_width=&#8221;2&#8243;][vc_empty_space alter_height=&#8221;small&#8221; hide_on_mobile=&#8221;&#8221;]<div id=\"sc_title_1095736386\"\n\t\tclass=\"sc_title sc_title_default\"><h3 class=\"sc_item_title sc_title_title sc_align_center sc_item_title_style_style_h1\">Marynarki<\/h3><div class=\"sc_item_subtitle_container  sc_align_center sc_item_title_style_style_h1\"><h6 class=\"sc_item_subtitle sc_title_subtitle sc_item_title_style_style_h1\">marynarki, kt\u00f3re pracuj\u0105 na Tw\u00f3j wizerunek<\/h6><\/div><\/div><!-- \/.sc_title -->[vc_empty_space alter_height=&#8221;small&#8221; hide_on_mobile=&#8221;&#8221;][vc_separator style=&#8221;double&#8221; border_width=&#8221;2&#8243;][\/vc_column][\/vc_row][vc_row][vc_column][vc_empty_space alter_height=&#8221;medium&#8221; hide_on_mobile=&#8221;&#8221;][\/vc_column][\/vc_row][vc_row][vc_column width=&#8221;2\/3&#8243;][vc_single_image image=&#8221;1533&#8243; img_size=&#8221;600&#215;800&#8243;][\/vc_column][vc_column width=&#8221;1\/3&#8243;][vc_column_text]<\/p>\n<h4>Marynarki m\u0119skie \u2013 elegancja i wszechstronno\u015b\u0107 w jednym<\/h4>\n<h2><\/h2>\n<p>W Rogowski Manufaktura oferujemy marynarki m\u0119skie szyte z najwy\u017cszej jako\u015bci tkanin, kt\u00f3re doskonale sprawdzaj\u0105 si\u0119 w ka\u017cdej sytuacji \u2013 od formalnych spotka\u0144 po lu\u017aniejsze stylizacje smart casual. Nasze modele powstaj\u0105 z precyzj\u0105 rzemios\u0142a krawieckiego i z dba\u0142o\u015bci\u0105 o ka\u017cdy detal, dzi\u0119ki czemu \u0142\u0105cz\u0105 komfort, trwa\u0142o\u015b\u0107 i nienaganny wygl\u0105d.[\/vc_column_text][\/vc_column][\/vc_row][vc_row][vc_column][vc_empty_space alter_height=&#8221;medium&#8221; hide_on_mobile=&#8221;&#8221;][\/vc_column][\/vc_row][vc_row][vc_column][vc_column_text]<\/p>\n<div style=\"max-width: 850px; margin: 0 auto; padding: 40px 20px; font-size: 18px; line-height: 1.75; color: #2c2c2c; font-family: 'Playfair Display', serif; text-align: center;\">\n<p>W Rogowski Manufaktura oferujemy marynarki m\u0119skie szyte z najwy\u017cszej jako\u015bci tkanin, kt\u00f3re doskonale sprawdzaj\u0105 si\u0119 w ka\u017cdej sytuacji \u2013 od formalnych spotka\u0144 po lu\u017aniejsze stylizacje smart casual. Nasze modele powstaj\u0105 z precyzj\u0105 rzemios\u0142a krawieckiego i z dba\u0142o\u015bci\u0105 o ka\u017cdy detal, dzi\u0119ki czemu \u0142\u0105cz\u0105 komfort, trwa\u0142o\u015b\u0107 i nienaganny wygl\u0105d.<\/p>\n<p>&nbsp;<\/p>\n<p>W ofercie znajdziesz marynarki jednorz\u0119dowe i marynarki dwurz\u0119dowe, w wersjach klasycznych oraz nowoczesnych. Proponujemy szeroki wyb\u00f3r fason\u00f3w, kroj\u00f3w i wyko\u0144cze\u0144 \u2013 od eleganckich marynarek garniturowych, przez modele w krat\u0119 i pr\u0105\u017cek, po g\u0142adkie, minimalistyczne propozycje. Dost\u0119pne s\u0105 r\u00f3wnie\u017c marynarki szyte na miar\u0119, mo\u017cliwa r\u00f3wnie\u017c konstrukcja na p\u0142\u00f3tnie (full canvas), kt\u00f3re gwarantuj\u0105 idealne dopasowanie do sylwetki i indywidualnego stylu.<\/p>\n<p>&nbsp;<\/p>\n<p>Tkaniny pochodz\u0105 od renomowanych producent\u00f3w z W\u0142och i Wielkiej Brytanii \u2013 od lekkich mieszanek lnu i we\u0142ny, po szlachetne we\u0142ny czesankowe i kaszmiry. Dzi\u0119ki do\u015bwiadczeniu naszych doradc\u00f3w wizerunkowych, dopasujemy marynark\u0119, kt\u00f3ra podkre\u015bli Tw\u00f3j charakter i b\u0119dzie odpowiednia zar\u00f3wno na wa\u017cne wydarzenia, jak i do codziennych zestaw\u00f3w biznesowych.<\/p>\n<p>&nbsp;<\/p>\n<p>&nbsp;<\/p>\n<\/div>\n<p>[\/vc_column_text][\/vc_column][\/vc_row][vc_row][vc_column][vc_empty_space alter_height=&#8221;medium&#8221; hide_on_mobile=&#8221;&#8221;][\/vc_column][\/vc_row][vc_row][vc_column][vc_masonry_media_grid grid_id=&#8221;vc_gid:1755004693556-17cbe23072c942e227c0e508b5b4c62f-4&#8243; include=&#8221;1517,1516,1684,1685,1686,1687&#8243;][\/vc_column][\/vc_row][vc_row][vc_column][vc_empty_space alter_height=&#8221;medium&#8221; hide_on_mobile=&#8221;&#8221;][vc_empty_space alter_height=&#8221;medium&#8221; hide_on_mobile=&#8221;&#8221;][\/vc_column][\/vc_row][vc_row full_width=&#8221;stretch_row_content&#8221; equal_height=&#8221;yes&#8221; content_placement=&#8221;middle&#8221; scheme=&#8221;dark&#8221; css=&#8221;.vc_custom_1755004798170{background-color: #202126 !important;background-position: center !important;background-repeat: no-repeat !important;background-size: cover !important;}&#8221;][vc_column][vc_empty_space alter_height=&#8221;medium&#8221; hide_on_mobile=&#8221;&#8221;][vc_column_text]<\/p>\n<h4 style=\"text-align: center;\"><strong>&#8222;od spotka\u0144 biznesowych po weekend w mie\u015bcie&#8221;<\/strong><\/h4>\n<p>[\/vc_column_text][vc_empty_space alter_height=&#8221;medium&#8221; hide_on_mobile=&#8221;&#8221;][\/vc_column][\/vc_row]<\/p>\n<\/div>","protected":false},"excerpt":{"rendered":"<p>[vc_row][vc_column][vc_separator style=&#8221;double&#8221; border_width=&#8221;2&#8243;][vc_empty_space alter_height=&#8221;small&#8221; hide_on_mobile=&#8221;&#8221;][vc_empty_space alter_height=&#8221;small&#8221; hide_on_mobile=&#8221;&#8221;][vc_separator style=&#8221;double&#8221; border_width=&#8221;2&#8243;][\/vc_column][\/vc_row][vc_row][vc_column][vc_empty_space alter_height=&#8221;medium&#8221; hide_on_mobile=&#8221;&#8221;][\/vc_column][\/vc_row][vc_row][vc_column width=&#8221;2\/3&#8243;][vc_single_image image=&#8221;1533&#8243; img_size=&#8221;600&#215;800&#8243;][\/vc_column][vc_column width=&#8221;1\/3&#8243;][vc_column_text] Marynarki m\u0119skie \u2013 elegancja i wszechstronno\u015b\u0107 w jednym W Rogowski Manufaktura oferujemy marynarki m\u0119skie szyte z najwy\u017cszej jako\u015bci tkanin, kt\u00f3re doskonale sprawdzaj\u0105 si\u0119 w ka\u017cdej sytuacji \u2013 od formalnych spotka\u0144 po lu\u017aniejsze stylizacje smart casual. Nasze modele powstaj\u0105 z precyzj\u0105 rzemios\u0142a krawieckiego i z dba\u0142o\u015bci\u0105&hellip;<\/p>\n","protected":false},"author":1,"featured_media":0,"parent":0,"menu_order":0,"comment_status":"closed","ping_status":"closed","template":"","meta":{"_gspb_post_css":"","footnotes":""},"class_list":["post-1478","page","type-page","status-publish","hentry"],"_links":{"self":[{"href":"https:\/\/rogowskikrawiectwo.pl\/index.php\/wp-json\/wp\/v2\/pages\/1478","targetHints":{"allow":["GET"]}}],"collection":[{"href":"https:\/\/rogowskikrawiectwo.pl\/index.php\/wp-json\/wp\/v2\/pages"}],"about":[{"href":"https:\/\/rogowskikrawiectwo.pl\/index.php\/wp-json\/wp\/v2\/types\/page"}],"author":[{"embeddable":true,"href":"https:\/\/rogowskikrawiectwo.pl\/index.php\/wp-json\/wp\/v2\/users\/1"}],"replies":[{"embeddable":true,"href":"https:\/\/rogowskikrawiectwo.pl\/index.php\/wp-json\/wp\/v2\/comments?post=1478"}],"version-history":[{"count":8,"href":"https:\/\/rogowskikrawiectwo.pl\/index.php\/wp-json\/wp\/v2\/pages\/1478\/revisions"}],"predecessor-version":[{"id":1756,"href":"https:\/\/rogowskikrawiectwo.pl\/index.php\/wp-json\/wp\/v2\/pages\/1478\/revisions\/1756"}],"wp:attachment":[{"href":"https:\/\/rogowskikrawiectwo.pl\/index.php\/wp-json\/wp\/v2\/media?parent=1478"}],"curies":[{"name":"wp","href":"https:\/\/api.w.org\/{rel}","templated":true}]}}