{"id":1476,"date":"2025-08-05T12:51:35","date_gmt":"2025-08-05T10:51:35","guid":{"rendered":"http:\/\/serwer341089.lh.pl\/autoinstalator\/serwer341089.lh.pl\/wordpress109543\/?page_id=1476"},"modified":"2025-08-09T08:14:10","modified_gmt":"2025-08-09T06:14:10","slug":"galeria-7","status":"publish","type":"page","link":"https:\/\/rogowskikrawiectwo.pl\/index.php\/galeria-7\/","title":{"rendered":"Galeria"},"content":{"rendered":"<div class=\"wpb-content-wrapper\"><p>[vc_row][vc_column][vc_separator style=&#8221;double&#8221; border_width=&#8221;2&#8243;][vc_empty_space alter_height=&#8221;small&#8221; hide_on_mobile=&#8221;&#8221;]<div id=\"sc_title_1556039256\"\n\t\tclass=\"sc_title sc_title_default\"><h3 class=\"sc_item_title sc_title_title sc_align_center sc_item_title_style_style_h1\">Garnitury \u015alubne<\/h3><div class=\"sc_item_subtitle_container  sc_align_center sc_item_title_style_style_h1\"><h6 class=\"sc_item_subtitle sc_title_subtitle sc_item_title_style_style_h1\">Tw\u00f3j \u015blub to moment, kt\u00f3ry zostaje z Tob\u0105 na ca\u0142e \u017cycie. Garnitur, kt\u00f3ry wybierzesz, powinien to odzwierciedla\u0107.<\/h6><\/div><\/div><!-- \/.sc_title -->[vc_empty_space alter_height=&#8221;small&#8221; hide_on_mobile=&#8221;&#8221;][vc_separator style=&#8221;double&#8221; border_width=&#8221;2&#8243;][\/vc_column][\/vc_row][vc_row][vc_column][vc_column_text]<\/p>\n<h6><strong>Garnitury \u015alubne \u2013 Rogowski Manufaktura Krawiecka<\/strong><\/h6>\n<p>&nbsp;<\/p>\n<p>\u015alub to wyj\u0105tkowy moment, kt\u00f3ry wymaga r\u00f3wnie wyj\u0105tkowej oprawy. W Rogowski Manufaktura Krawiecka tworzymy garnitury \u015blubne, kt\u00f3re \u0142\u0105cz\u0105 ponadczasow\u0105 elegancj\u0119 z perfekcyjnym dopasowaniem do sylwetki, osobowo\u015bci i charakteru uroczysto\u015bci.<\/p>\n<p>&nbsp;<\/p>\n<p>Oferujemy pe\u0142ne spektrum kroj\u00f3w \u2013 od klasycznych marynarek jednorz\u0119dowych, przez eleganckie i dostojne marynarki dwurz\u0119dowe, a\u017c po smokingi oraz marynarki koktajlowe z wyrafinowanymi detalami. Dla pan\u00f3w ceni\u0105cych subteln\u0105, wieczorow\u0105 elegancj\u0119 proponujemy tak\u017ce marynarki z ko\u0142nierzem szalowym, kt\u00f3re stanowi\u0105 kwintesencj\u0119 stylu black tie.<\/p>\n<p>&nbsp;<\/p>\n<p>R\u00f3wnie istotna jest konstrukcja garnituru \u2013 u nas mo\u017cesz wybra\u0107 pomi\u0119dzy wersj\u0105 klasyczn\u0105 klejon\u0105, lekk\u0105 i nowoczesn\u0105, a pe\u0142nym p\u0142\u00f3tnem (full canvas), kt\u00f3re zapewnia najwy\u017csz\u0105 trwa\u0142o\u015b\u0107, idealne uk\u0142adanie si\u0119 tkaniny i luksusowy charakter.<\/p>\n<h6><strong>TW\u00d3J DZIE\u0143, TW\u00d3J STYL &#8211; GARNITUR \u015aLUBNY SZYTY NA MIAR\u0118<\/strong><\/h6>\n<p>Dysponujemy imponuj\u0105cym wyborem ponad 5000 rodzaj\u00f3w tkanin dost\u0119pnych od r\u0119ki w naszym zak\u0142adzie produkcyjnym. S\u0105 to materia\u0142y od najlepszych \u015bwiatowych tkalni \u2013 od g\u0142adkich, jednolitych we\u0142en, przez subtelne mikrowzory, po ekskluzywne mieszanki z jedwabiem czy kaszmirem. Ka\u017cdy materia\u0142 dobieramy indywidualnie, uwzgl\u0119dniaj\u0105c por\u0119 roku, klimat uroczysto\u015bci i oczekiwany efekt wizualny.<\/p>\n<p>&nbsp;<\/p>\n<p>Nasz proces szycia na miar\u0119 pozwala stworzy\u0107 garnitur, kt\u00f3ry nie tylko perfekcyjnie le\u017cy, ale i podkre\u015bla rang\u0119 dnia \u015blubu \u2013 tak, aby\u015b czu\u0142 si\u0119 w nim wyj\u0105tkowo od pierwszego do ostatniego ta\u0144ca.<\/p>\n<div><\/div>\n<p>&nbsp;[\/vc_column_text][vc_empty_space alter_height=&#8221;medium&#8221; hide_on_mobile=&#8221;&#8221;][\/vc_column][\/vc_row][vc_row][vc_column][vc_empty_space alter_height=&#8221;large&#8221; hide_on_mobile=&#8221;&#8221;][\/vc_column][\/vc_row][vc_row][vc_column][\/vc_column][\/vc_row][vc_row][vc_column][vc_empty_space alter_height=&#8221;medium&#8221; hide_on_mobile=&#8221;&#8221;][\/vc_column][\/vc_row][vc_row][vc_column][vc_separator border_width=&#8221;2&#8243;][\/vc_column][\/vc_row][vc_row][vc_column][vc_empty_space alter_height=&#8221;medium&#8221; hide_on_mobile=&#8221;&#8221;][vc_empty_space alter_height=&#8221;medium&#8221; hide_on_mobile=&#8221;&#8221;][\/vc_column][\/vc_row][vc_row][vc_column width=&#8221;1\/3&#8243;][vc_single_image image=&#8221;1612&#8243; img_size=&#8221;large&#8221;][\/vc_column][vc_column width=&#8221;1\/3&#8243;][vc_single_image image=&#8221;1548&#8243; img_size=&#8221;large&#8221; alignment=&#8221;center&#8221;][\/vc_column][vc_column width=&#8221;1\/3&#8243;][vc_single_image image=&#8221;1596&#8243; img_size=&#8221;large&#8221; alignment=&#8221;right&#8221;][\/vc_column][\/vc_row][vc_row][vc_column][vc_empty_space alter_height=&#8221;large&#8221; hide_on_mobile=&#8221;&#8221;][\/vc_column][\/vc_row][vc_row][vc_column width=&#8221;3\/5&#8243;][vc_images_carousel images=&#8221;1613&#8243; img_size=&#8221;large&#8221; autoplay=&#8221;yes&#8221; hide_prev_next_buttons=&#8221;yes&#8221;][\/vc_column][vc_column width=&#8221;2\/5&#8243;][vc_column_text]<\/p>\n<h6><strong>MARYNARKA KOKTAJLOWA Z TKANINY \u017bAKARDOWEJ W KOLORZE ROYAL BLUE<\/strong><\/h6>\n<p>[\/vc_column_text][\/vc_column][\/vc_row][vc_row][vc_column][vc_empty_space alter_height=&#8221;large&#8221; hide_on_mobile=&#8221;&#8221;][vc_separator][vc_empty_space alter_height=&#8221;large&#8221; hide_on_mobile=&#8221;&#8221;][\/vc_column][\/vc_row][vc_row][vc_column][vc_column_text]<!-- Tytu\u0142 akapitu --><\/p>\n<h6 style=\"max-width: 800px; margin: 0 auto; font-size: 17px; line-height: 1.8; font-family: Georgia, serif; color: #333333;\"><strong>TWOJA HISTORIA ZAS\u0141UGUJE NA WYJATKOW\u0104 OPRAW\u0118. Z NAMI NIE MA RZECZY NIEMO\u017bLIWYCH. <\/strong><\/h6>\n<p>[\/vc_column_text][vc_empty_space alter_height=&#8221;medium&#8221; hide_on_mobile=&#8221;&#8221;][\/vc_column][\/vc_row][vc_row][vc_column][vc_separator][\/vc_column][\/vc_row][vc_row][vc_column][vc_empty_space alter_height=&#8221;large&#8221; hide_on_mobile=&#8221;&#8221;][\/vc_column][\/vc_row][vc_row][vc_column width=&#8221;1\/3&#8243;][vc_single_image image=&#8221;1614&#8243; img_size=&#8221;large&#8221;][\/vc_column][vc_column width=&#8221;1\/3&#8243;][vc_single_image image=&#8221;1549&#8243; img_size=&#8221;large&#8221;][\/vc_column][vc_column width=&#8221;1\/3&#8243;][vc_single_image image=&#8221;1615&#8243; img_size=&#8221;large&#8221;][\/vc_column][\/vc_row][vc_row][vc_column][vc_empty_space alter_height=&#8221;large&#8221; hide_on_mobile=&#8221;&#8221;][\/vc_column][\/vc_row][vc_row][vc_column width=&#8221;2\/5&#8243;][vc_column_text]<\/p>\n<h6 style=\"text-align: center;\"><strong>GARNITUR 3 CZ\u0118\u015aCIOWY USZYTY Z WE\u0141NY 120S Z SZEROKIMI WY\u0141OGAMI- 8CM. <\/strong><\/h6>\n<h6 style=\"text-align: center;\"><strong>W ZESTAWIE Z KAMIZELK\u0104 DWURZ\u0118DOW\u0104.<\/strong><\/h6>\n<p>[\/vc_column_text][\/vc_column][vc_column width=&#8221;3\/5&#8243;][vc_images_carousel images=&#8221;1617&#8243; img_size=&#8221;large&#8221; autoplay=&#8221;yes&#8221; hide_prev_next_buttons=&#8221;yes&#8221;][\/vc_column][\/vc_row][vc_row][vc_column][vc_empty_space alter_height=&#8221;large&#8221; hide_on_mobile=&#8221;&#8221;][vc_separator][vc_empty_space alter_height=&#8221;large&#8221; hide_on_mobile=&#8221;&#8221;][\/vc_column][\/vc_row][vc_row][vc_column][vc_separator][vc_empty_space alter_height=&#8221;large&#8221; hide_on_mobile=&#8221;&#8221;][\/vc_column][\/vc_row][vc_row][vc_column width=&#8221;1\/3&#8243;][vc_single_image image=&#8221;1619&#8243; img_size=&#8221;large&#8221;][\/vc_column][vc_column width=&#8221;1\/3&#8243;][vc_single_image image=&#8221;1620&#8243; img_size=&#8221;large&#8221;][\/vc_column][vc_column width=&#8221;1\/3&#8243;][vc_single_image image=&#8221;1621&#8243; img_size=&#8221;large&#8221;][\/vc_column][\/vc_row][vc_row][vc_column][vc_empty_space alter_height=&#8221;large&#8221; hide_on_mobile=&#8221;&#8221;][\/vc_column][\/vc_row][vc_row][vc_column width=&#8221;2\/12&#8243;][\/vc_column][vc_column width=&#8221;8\/12&#8243;][vc_images_carousel images=&#8221;1622&#8243; img_size=&#8221;large&#8221; autoplay=&#8221;yes&#8221; hide_prev_next_buttons=&#8221;yes&#8221;][\/vc_column][vc_column width=&#8221;2\/12&#8243;][\/vc_column][\/vc_row]<\/p>\n<\/div>","protected":false},"excerpt":{"rendered":"<p>[vc_row][vc_column][vc_separator style=&#8221;double&#8221; border_width=&#8221;2&#8243;][vc_empty_space alter_height=&#8221;small&#8221; hide_on_mobile=&#8221;&#8221;][vc_empty_space alter_height=&#8221;small&#8221; hide_on_mobile=&#8221;&#8221;][vc_separator style=&#8221;double&#8221; border_width=&#8221;2&#8243;][\/vc_column][\/vc_row][vc_row][vc_column][vc_column_text] Garnitury \u015alubne \u2013 Rogowski Manufaktura Krawiecka &nbsp; \u015alub to wyj\u0105tkowy moment, kt\u00f3ry wymaga r\u00f3wnie wyj\u0105tkowej oprawy. W Rogowski Manufaktura Krawiecka tworzymy garnitury \u015blubne, kt\u00f3re \u0142\u0105cz\u0105 ponadczasow\u0105 elegancj\u0119 z perfekcyjnym dopasowaniem do sylwetki, osobowo\u015bci i charakteru uroczysto\u015bci. &nbsp; Oferujemy pe\u0142ne spektrum kroj\u00f3w \u2013 od klasycznych marynarek jednorz\u0119dowych, przez eleganckie i dostojne marynarki&hellip;<\/p>\n","protected":false},"author":1,"featured_media":0,"parent":0,"menu_order":0,"comment_status":"closed","ping_status":"closed","template":"","meta":{"_gspb_post_css":"","footnotes":""},"class_list":["post-1476","page","type-page","status-publish","hentry"],"_links":{"self":[{"href":"https:\/\/rogowskikrawiectwo.pl\/index.php\/wp-json\/wp\/v2\/pages\/1476","targetHints":{"allow":["GET"]}}],"collection":[{"href":"https:\/\/rogowskikrawiectwo.pl\/index.php\/wp-json\/wp\/v2\/pages"}],"about":[{"href":"https:\/\/rogowskikrawiectwo.pl\/index.php\/wp-json\/wp\/v2\/types\/page"}],"author":[{"embeddable":true,"href":"https:\/\/rogowskikrawiectwo.pl\/index.php\/wp-json\/wp\/v2\/users\/1"}],"replies":[{"embeddable":true,"href":"https:\/\/rogowskikrawiectwo.pl\/index.php\/wp-json\/wp\/v2\/comments?post=1476"}],"version-history":[{"count":8,"href":"https:\/\/rogowskikrawiectwo.pl\/index.php\/wp-json\/wp\/v2\/pages\/1476\/revisions"}],"predecessor-version":[{"id":1752,"href":"https:\/\/rogowskikrawiectwo.pl\/index.php\/wp-json\/wp\/v2\/pages\/1476\/revisions\/1752"}],"wp:attachment":[{"href":"https:\/\/rogowskikrawiectwo.pl\/index.php\/wp-json\/wp\/v2\/media?parent=1476"}],"curies":[{"name":"wp","href":"https:\/\/api.w.org\/{rel}","templated":true}]}}