{"id":1461,"date":"2025-08-04T14:15:17","date_gmt":"2025-08-04T12:15:17","guid":{"rendered":"http:\/\/serwer341089.lh.pl\/autoinstalator\/serwer341089.lh.pl\/wordpress109543\/?page_id=1461"},"modified":"2025-08-04T14:41:41","modified_gmt":"2025-08-04T12:41:41","slug":"regulamin","status":"publish","type":"page","link":"https:\/\/rogowskikrawiectwo.pl\/index.php\/regulamin\/","title":{"rendered":"Regulamin"},"content":{"rendered":"<div class=\"wpb-content-wrapper\"><p>[vc_row][vc_column][vc_column_text]<\/p>\n<h5>1. POSTANOWIENIA OG\u00d3LNE<\/h5>\n<p><span style=\"font-weight: 400;\"><br \/>\nNiniejszy Regulamin okre\u015bla zasady korzystania z serwisu internetowego dost\u0119pnego pod adresem <a href=\"https:\/\/rogowski.pl\" target=\"_blank\" rel=\"noopener\">https:\/\/rogowski.pl<\/a> (dalej: \u201eSerwis\u201d), prowadzonego przez:<br \/><strong>Jakub Rogowski PRZEDSI\u0118BIORSTWO PRODUKCYJNO\u2011HANDLOWE ROLAND<\/strong><br \/>ul. Ogrodowa 6, 09\u2011100 P\u0142o\u0144sk<br \/>NIP: 5671749242 | REGON: 130\u202f946\u202f624<br \/>Adres e\u2011mail: <a href=\"mailto:biuro@rogowskikrawiectwo.pl\">biuro@rogowskikrawiectwo.pl<\/a><br \/>\n<\/span><\/p>\n<h5>2. DEFINICJE<\/h5>\n<p><span style=\"font-weight: 400;\"><\/p>\n<ul style=\"margin-left: 20px;\">\n<li><strong>Serwis<\/strong> \u2013 serwis internetowy dost\u0119pny pod adresem <a href=\"https:\/\/rogowski.pl\" target=\"_blank\" rel=\"noopener\">https:\/\/rogowski.pl<\/a> oraz wszelkie jego podstrony;<\/li>\n<li><strong>U\u017cytkownik<\/strong> \u2013 ka\u017cda osoba korzystaj\u0105ca z Serwisu;<\/li>\n<li><strong>Administrator<\/strong> \u2013 Jakub Rogowski PRZEDSI\u0118BIORSTWO PRODUKCYJNO\u2011HANDLOWE ROLAND, w\u0142a\u015bciciel Serwisu;<\/li>\n<li><strong>Regulamin<\/strong> \u2013 niniejszy dokument okre\u015blaj\u0105cy zasady korzystania z Serwisu.<\/li>\n<\/ul>\n<p><\/span><\/p>\n<h5>3. ZASADY KORZYSTANIA Z SERWISU<\/h5>\n<p><span style=\"font-weight: 400;\"><\/p>\n<ul style=\"margin-left: 20px;\">\n<li>Korzystanie z Serwisu jest mo\u017cliwe na warunkach okre\u015blonych w niniejszym Regulaminie.<\/li>\n<li>U\u017cytkownik zobowi\u0105zuje si\u0119 do korzystania z Serwisu w spos\u00f3b zgodny z prawem, dobrymi obyczajami oraz zasadami wsp\u00f3\u0142\u017cycia spo\u0142ecznego.<\/li>\n<li>Zabrania si\u0119 podejmowania dzia\u0142a\u0144 mog\u0105cych zak\u0142\u00f3ci\u0107 dzia\u0142anie Serwisu lub narusza\u0107 prawa innych os\u00f3b.<\/li>\n<li>Administrator zastrzega sobie prawo do czasowego lub sta\u0142ego zablokowania dost\u0119pu do Serwisu w przypadku naruszenia Regulaminu.<\/li>\n<\/ul>\n<p><\/span><\/p>\n<h5>4. REJESTRACJA I KONTO U\u017bYTKOWNIKA<\/h5>\n<p><span style=\"font-weight: 400;\"><\/p>\n<ul style=\"margin-left: 20px;\">\n<li>Niekt\u00f3re funkcje Serwisu mog\u0105 wymaga\u0107 rejestracji oraz za\u0142o\u017cenia konta u\u017cytkownika.<\/li>\n<li>U\u017cytkownik zobowi\u0105zuje si\u0119 do podania prawdziwych danych podczas rejestracji oraz do ich aktualizacji.<\/li>\n<li>U\u017cytkownik jest odpowiedzialny za zachowanie poufno\u015bci danych dost\u0119powych do konta.<\/li>\n<li>Administrator nie ponosi odpowiedzialno\u015bci za szkody wynik\u0142e z nieuprawnionego korzystania z konta przez osoby trzecie, je\u015bli wynika to z niedbalstwa U\u017cytkownika.<\/li>\n<\/ul>\n<p><\/span><\/p>\n<h5>5. ZASADY KORZYSTANIA Z FORMULARZY I US\u0141UG ONLINE<\/h5>\n<p><span style=\"font-weight: 400;\"><\/p>\n<ul style=\"margin-left: 20px;\">\n<li>W przypadku korzystania z formularzy kontaktowych lub innych us\u0142ug online U\u017cytkownik zobowi\u0105zuje si\u0119 do podawania prawdziwych i zgodnych z rzeczywisto\u015bci\u0105 danych.<\/li>\n<li>Dane podane w formularzach s\u0105 przetwarzane zgodnie z Polityk\u0105 Prywatno\u015bci.<\/li>\n<li>Administrator do\u0142o\u017cy wszelkich stara\u0144, aby zapewni\u0107 ci\u0105g\u0142o\u015b\u0107 i bezpiecze\u0144stwo dzia\u0142ania us\u0142ug.<\/li>\n<\/ul>\n<p><\/span><\/p>\n<h5>6. PRAWID\u0141OWO\u015a\u0106 TRE\u015aCI I ODPOWIEDZIALNO\u015a\u0106<\/h5>\n<p><span style=\"font-weight: 400;\"><\/p>\n<ul style=\"margin-left: 20px;\">\n<li>Administrator dok\u0142ada wszelkich stara\u0144, aby informacje zawarte w Serwisie by\u0142y aktualne i rzetelne, jednak nie gwarantuje kompletno\u015bci ani bezb\u0142\u0119dno\u015bci.<\/li>\n<li>Administrator nie ponosi odpowiedzialno\u015bci za szkody powsta\u0142e w wyniku korzystania z informacji zawartych w Serwisie.<\/li>\n<li>Linki do zewn\u0119trznych serwis\u00f3w nie s\u0105 obj\u0119te niniejszym Regulaminem; Administrator nie odpowiada za ich zawarto\u015b\u0107 ani polityk\u0119 prywatno\u015bci.<\/li>\n<\/ul>\n<p><\/span><\/p>\n<h5>7. PRAWNA OCHRONA W\u0141ASNO\u015aCI INTELEKTUALNEJ<\/h5>\n<p><span style=\"font-weight: 400;\"><br \/>\nWszelkie materia\u0142y zamieszczone w Serwisie, w tym teksty, grafiki, zdj\u0119cia, logo i inne elementy s\u0105 w\u0142asno\u015bci\u0105 Administratora lub podmiot\u00f3w trzecich i s\u0105 chronione prawem autorskim oraz prawami pokrewnymi.<br \/>\nKopiowanie, rozpowszechnianie lub wykorzystywanie tych materia\u0142\u00f3w bez zgody w\u0142a\u015bciciela jest zabronione.<br \/>\n<\/span><\/p>\n<h5>8. ZMIANY REGULAMINU<\/h5>\n<p><span style=\"font-weight: 400;\"><br \/>\nAdministrator zastrzega sobie prawo do zmiany niniejszego Regulaminu w dowolnym czasie.<br \/>\nZmiany wchodz\u0105 w \u017cycie z dniem publikacji nowej wersji Regulaminu na stronie Serwisu.<br \/>\nZaleca si\u0119 regularne zapoznawanie si\u0119 z aktualn\u0105 tre\u015bci\u0105 Regulaminu.<br \/>\n<\/span><\/p>\n<h5>9. ROZWI\u0104ZANIE SPOR\u00d3W<\/h5>\n<p><span style=\"font-weight: 400;\"><br \/>\nWszelkie spory powsta\u0142e na tle korzystania z Serwisu b\u0119d\u0105 rozstrzygane polubownie, a w przypadku braku porozumienia \u2013 przez w\u0142a\u015bciwy s\u0105d powszechny zgodnie z przepisami prawa polskiego.<br \/>\n<\/span><\/p>\n<h5>10. POSTANOWIENIA KO\u0143COWE<\/h5>\n<p><span style=\"font-weight: 400;\"><br \/>\nW sprawach nieuregulowanych niniejszym Regulaminem zastosowanie maj\u0105 przepisy Kodeksu cywilnego oraz innych obowi\u0105zuj\u0105cych akt\u00f3w prawnych.<br \/>\nKontakt z Administratorem mo\u017cliwy jest pod adresem e-mail: <a href=\"mailto:biuro@rogowskikrawiectwo.pl\">biuro@rogowskikrawiectwo.pl<\/a>.<br \/>\n<\/span>[\/vc_column_text][\/vc_column][\/vc_row]<\/p>\n<\/div>","protected":false},"excerpt":{"rendered":"<p>[vc_row][vc_column][vc_column_text] 1. POSTANOWIENIA OG\u00d3LNE Niniejszy Regulamin okre\u015bla zasady korzystania z serwisu internetowego dost\u0119pnego pod adresem https:\/\/rogowski.pl (dalej: \u201eSerwis\u201d), prowadzonego przez:Jakub Rogowski PRZEDSI\u0118BIORSTWO PRODUKCYJNO\u2011HANDLOWE ROLANDul. Ogrodowa 6, 09\u2011100 P\u0142o\u0144skNIP: 5671749242 | REGON: 130\u202f946\u202f624Adres e\u2011mail: biuro@rogowskikrawiectwo.pl 2. DEFINICJE Serwis \u2013 serwis internetowy dost\u0119pny pod adresem https:\/\/rogowski.pl oraz wszelkie jego podstrony; U\u017cytkownik \u2013 ka\u017cda osoba korzystaj\u0105ca z Serwisu; Administrator \u2013 Jakub Rogowski PRZEDSI\u0118BIORSTWO&hellip;<\/p>\n","protected":false},"author":1,"featured_media":0,"parent":0,"menu_order":0,"comment_status":"closed","ping_status":"closed","template":"","meta":{"_gspb_post_css":"","footnotes":""},"class_list":["post-1461","page","type-page","status-publish","hentry"],"_links":{"self":[{"href":"https:\/\/rogowskikrawiectwo.pl\/index.php\/wp-json\/wp\/v2\/pages\/1461","targetHints":{"allow":["GET"]}}],"collection":[{"href":"https:\/\/rogowskikrawiectwo.pl\/index.php\/wp-json\/wp\/v2\/pages"}],"about":[{"href":"https:\/\/rogowskikrawiectwo.pl\/index.php\/wp-json\/wp\/v2\/types\/page"}],"author":[{"embeddable":true,"href":"https:\/\/rogowskikrawiectwo.pl\/index.php\/wp-json\/wp\/v2\/users\/1"}],"replies":[{"embeddable":true,"href":"https:\/\/rogowskikrawiectwo.pl\/index.php\/wp-json\/wp\/v2\/comments?post=1461"}],"version-history":[{"count":2,"href":"https:\/\/rogowskikrawiectwo.pl\/index.php\/wp-json\/wp\/v2\/pages\/1461\/revisions"}],"predecessor-version":[{"id":1465,"href":"https:\/\/rogowskikrawiectwo.pl\/index.php\/wp-json\/wp\/v2\/pages\/1461\/revisions\/1465"}],"wp:attachment":[{"href":"https:\/\/rogowskikrawiectwo.pl\/index.php\/wp-json\/wp\/v2\/media?parent=1461"}],"curies":[{"name":"wp","href":"https:\/\/api.w.org\/{rel}","templated":true}]}}