{"id":1443,"date":"2025-08-01T14:18:02","date_gmt":"2025-08-01T12:18:02","guid":{"rendered":"http:\/\/serwer341089.lh.pl\/autoinstalator\/serwer341089.lh.pl\/wordpress109543\/?page_id=1443"},"modified":"2025-08-12T14:45:13","modified_gmt":"2025-08-12T12:45:13","slug":"galeria-6","status":"publish","type":"page","link":"https:\/\/rogowskikrawiectwo.pl\/index.php\/galeria-6\/","title":{"rendered":"Galeria"},"content":{"rendered":"<div class=\"wpb-content-wrapper\"><p>[vc_row][vc_column][vc_separator style=&#8221;double&#8221; border_width=&#8221;2&#8243;][vc_empty_space alter_height=&#8221;small&#8221; hide_on_mobile=&#8221;&#8221;]<div id=\"sc_title_1361088077\"\n\t\tclass=\"sc_title sc_title_default\"><h3 class=\"sc_item_title sc_title_title sc_align_center sc_item_title_style_style_h1\">Galeria<\/h3><div class=\"sc_item_subtitle_container  sc_align_center sc_item_title_style_style_h1\"><h6 class=\"sc_item_subtitle sc_title_subtitle sc_item_title_style_style_h1\">Nasza galeria!<\/h6><\/div><\/div><!-- \/.sc_title -->[vc_empty_space alter_height=&#8221;small&#8221; hide_on_mobile=&#8221;&#8221;][vc_separator style=&#8221;double&#8221; border_width=&#8221;2&#8243;][vc_empty_space alter_height=&#8221;medium&#8221; hide_on_mobile=&#8221;&#8221;][\/vc_column][\/vc_row][vc_row][vc_column width=&#8221;7\/12&#8243;][vc_empty_space alter_height=&#8221;small&#8221; hide_on_mobile=&#8221;&#8221;][vc_gallery interval=&#8221;3&#8243; images=&#8221;1604&#8243; img_size=&#8221;large&#8221;]<div id=\"sc_title_1332060569\"\n\t\tclass=\"sc_title sc_title_default\"><h3 class=\"sc_item_title sc_title_title sc_align_center sc_item_title_style_style_h1\">SALONY FIRMOWE<\/h3><div class=\"sc_item_subtitle_container  sc_align_center sc_item_title_style_style_h1\"><h6 class=\"sc_item_subtitle sc_title_subtitle sc_item_title_style_style_h1\">DORADZTWO WIZERUNKU NA NAJWY\u017bSZYM POZIOMIE<\/h6><\/div><div class=\"sc_item_descr sc_title_descr sc_align_center\">Wej\u015bcie do naszych salon\u00f3w to wej\u015bcie w \u015bwiat perfekcyjnie skrojonej elegancji. Tutaj nie spotkasz przypadkowych sprzedawc\u00f3w \u2013 ka\u017cdy cz\u0142onek naszego zespo\u0142u to do\u015bwiadczony doradca wizerunku z ponad 15-letnim sta\u017cem w bran\u017cy mody m\u0119skiej. Ich wiedza, znajomo\u015b\u0107 trend\u00f3w i umiej\u0119tno\u015b\u0107 pracy z detalem sprawiaj\u0105, \u017ce tworzymy stylizacje, kt\u00f3re buduj\u0105 presti\u017c i pewno\u015b\u0107 siebie naszych klient\u00f3w.<\/p>\n<p>Dobierzemy garnitur, kt\u00f3ry podkre\u015bli Twoj\u0105 sylwetk\u0119 i charakter. Doradzimy w wyborze tkanin, kroju i dodatk\u00f3w, dbaj\u0105c o to, aby ca\u0142o\u015b\u0107 prezentowa\u0142a si\u0119 sp\u00f3jnie i ponadczasowo. Nasze rekomendacje to po\u0142\u0105czenie klasyki, nowoczesnego podej\u015bcia i rzemie\u015blniczej precyzji.<\/div><\/div><!-- \/.sc_title -->[vc_empty_space alter_height=&#8221;small&#8221; hide_on_mobile=&#8221;&#8221;][vc_gallery interval=&#8221;3&#8243; images=&#8221;1556,1506&#8243; img_size=&#8221;large&#8221;][vc_empty_space alter_height=&#8221;small&#8221; hide_on_mobile=&#8221;&#8221;][\/vc_column][vc_column width=&#8221;5\/12&#8243;][vc_empty_space alter_height=&#8221;small&#8221; hide_on_mobile=&#8221;&#8221;]<div id=\"sc_title_2137197904\"\n\t\tclass=\"sc_title sc_title_default\"><h3 class=\"sc_item_title sc_title_title sc_align_center sc_item_title_style_style_2\">ROGOWSKI MANUFAKTURA KRAWIECKA<\/h3><div class=\"sc_item_subtitle_container  sc_align_center sc_item_title_style_style_2\"><h6 class=\"sc_item_subtitle sc_title_subtitle sc_item_title_style_style_2\">ZADOWOLONY KLIENT TO NASZANAJLEPSZA REKLAMA<\/h6><\/div><div class=\"sc_item_descr sc_title_descr sc_align_center\">W Rogowski Manufaktura Krawiecka stawiamy na relacje, a nie transakcje. Wierzymy, \u017ce zadowolony klient to najlepsza reklama \u2013 dlatego ka\u017cda wizyta w naszych salonach to indywidualna konsultacja, najwy\u017csza jako\u015b\u0107 obs\u0142ugi i gwarancja, \u017ce wyjdziesz z poczuciem dobrze podj\u0119tej decyzji.<\/div><\/div><!-- \/.sc_title -->[vc_empty_space alter_height=&#8221;small&#8221; hide_on_mobile=&#8221;&#8221;][vc_gallery interval=&#8221;3&#8243; images=&#8221;1605&#8243; img_size=&#8221;large&#8221;][vc_empty_space alter_height=&#8221;small&#8221; hide_on_mobile=&#8221;&#8221;][vc_empty_space alter_height=&#8221;small&#8221; hide_on_mobile=&#8221;&#8221;][vc_gallery interval=&#8221;3&#8243; images=&#8221;1525&#8243; img_size=&#8221;large&#8221;][\/vc_column][\/vc_row]<\/p>\n<\/div>","protected":false},"excerpt":{"rendered":"<p>[vc_row][vc_column][vc_separator style=&#8221;double&#8221; border_width=&#8221;2&#8243;][vc_empty_space alter_height=&#8221;small&#8221; hide_on_mobile=&#8221;&#8221;][vc_empty_space alter_height=&#8221;small&#8221; hide_on_mobile=&#8221;&#8221;][vc_separator style=&#8221;double&#8221; border_width=&#8221;2&#8243;][vc_empty_space alter_height=&#8221;medium&#8221; hide_on_mobile=&#8221;&#8221;][\/vc_column][\/vc_row][vc_row][vc_column width=&#8221;7\/12&#8243;][vc_empty_space alter_height=&#8221;small&#8221; hide_on_mobile=&#8221;&#8221;][vc_gallery interval=&#8221;3&#8243; images=&#8221;1604&#8243; img_size=&#8221;large&#8221;][vc_empty_space alter_height=&#8221;small&#8221; hide_on_mobile=&#8221;&#8221;][vc_gallery interval=&#8221;3&#8243; images=&#8221;1556,1506&#8243; img_size=&#8221;large&#8221;][vc_empty_space alter_height=&#8221;small&#8221; hide_on_mobile=&#8221;&#8221;][\/vc_column][vc_column width=&#8221;5\/12&#8243;][vc_empty_space alter_height=&#8221;small&#8221; hide_on_mobile=&#8221;&#8221;][vc_empty_space alter_height=&#8221;small&#8221; hide_on_mobile=&#8221;&#8221;][vc_gallery interval=&#8221;3&#8243; images=&#8221;1605&#8243; img_size=&#8221;large&#8221;][vc_empty_space alter_height=&#8221;small&#8221; hide_on_mobile=&#8221;&#8221;][vc_empty_space alter_height=&#8221;small&#8221; hide_on_mobile=&#8221;&#8221;][vc_gallery interval=&#8221;3&#8243; images=&#8221;1525&#8243; img_size=&#8221;large&#8221;][\/vc_column][\/vc_row]<\/p>\n","protected":false},"author":1,"featured_media":0,"parent":0,"menu_order":0,"comment_status":"closed","ping_status":"closed","template":"","meta":{"_gspb_post_css":"","footnotes":""},"class_list":["post-1443","page","type-page","status-publish","hentry"],"_links":{"self":[{"href":"https:\/\/rogowskikrawiectwo.pl\/index.php\/wp-json\/wp\/v2\/pages\/1443","targetHints":{"allow":["GET"]}}],"collection":[{"href":"https:\/\/rogowskikrawiectwo.pl\/index.php\/wp-json\/wp\/v2\/pages"}],"about":[{"href":"https:\/\/rogowskikrawiectwo.pl\/index.php\/wp-json\/wp\/v2\/types\/page"}],"author":[{"embeddable":true,"href":"https:\/\/rogowskikrawiectwo.pl\/index.php\/wp-json\/wp\/v2\/users\/1"}],"replies":[{"embeddable":true,"href":"https:\/\/rogowskikrawiectwo.pl\/index.php\/wp-json\/wp\/v2\/comments?post=1443"}],"version-history":[{"count":7,"href":"https:\/\/rogowskikrawiectwo.pl\/index.php\/wp-json\/wp\/v2\/pages\/1443\/revisions"}],"predecessor-version":[{"id":1751,"href":"https:\/\/rogowskikrawiectwo.pl\/index.php\/wp-json\/wp\/v2\/pages\/1443\/revisions\/1751"}],"wp:attachment":[{"href":"https:\/\/rogowskikrawiectwo.pl\/index.php\/wp-json\/wp\/v2\/media?parent=1443"}],"curies":[{"name":"wp","href":"https:\/\/api.w.org\/{rel}","templated":true}]}}