{"id":1357,"date":"2025-07-29T11:50:40","date_gmt":"2025-07-29T09:50:40","guid":{"rendered":"http:\/\/serwer341089.lh.pl\/autoinstalator\/serwer341089.lh.pl\/wordpress109543\/?page_id=1357"},"modified":"2025-08-12T18:05:41","modified_gmt":"2025-08-12T16:05:41","slug":"oferta","status":"publish","type":"page","link":"https:\/\/rogowskikrawiectwo.pl\/index.php\/oferta\/","title":{"rendered":"Oferta"},"content":{"rendered":"<div class=\"wpb-content-wrapper\"><p>[vc_row][vc_column][vc_separator style=&#8221;double&#8221; border_width=&#8221;2&#8243;][vc_empty_space alter_height=&#8221;small&#8221; hide_on_mobile=&#8221;&#8221;]<div id=\"sc_title_1745014\"\n\t\tclass=\"sc_title sc_title_default\"><h3 class=\"sc_item_title sc_title_title sc_align_center sc_item_title_style_style_h1\">Poznaj nasz\u0105 ofert\u0119!<\/h3><div class=\"sc_item_subtitle_container  sc_align_center sc_item_title_style_style_h1\"><h6 class=\"sc_item_subtitle sc_title_subtitle sc_item_title_style_style_h1\">Garnitury, Marynarki, P\u0142aszcze, Kurtki, Spodnie, Kamizelki, Dodatki<\/h6><\/div><\/div><!-- \/.sc_title -->[vc_empty_space alter_height=&#8221;small&#8221; hide_on_mobile=&#8221;&#8221;][vc_separator style=&#8221;double&#8221; border_width=&#8221;2&#8243;][\/vc_column][\/vc_row][vc_row][vc_column][vc_empty_space alter_height=&#8221;large&#8221; hide_on_mobile=&#8221;&#8221;][\/vc_column][\/vc_row][vc_row][vc_column width=&#8221;1\/2&#8243;][vc_empty_space alter_height=&#8221;small&#8221; hide_on_mobile=&#8221;&#8221;][vc_single_image image=&#8221;1510&#8243; img_size=&#8221;large&#8221; onclick=&#8221;custom_link&#8221;][vc_empty_space alter_height=&#8221;small&#8221; hide_on_mobile=&#8221;&#8221;][vc_empty_space alter_height=&#8221;medium&#8221; hide_on_mobile=&#8221;&#8221;]<div class=\"sc_item_button sc_button_wrap sc_align_right\"><a href=\"\/index.php\/galeria-7\/\" id=\"sc_button_334902224\" class=\"sc_button sc_button_default sc_button_size_normal sc_button_icon_left\"><span class=\"sc_button_text sc_align_right\"><span class=\"sc_button_title\">Sprawd\u017a wi\u0119cej!<\/span><\/span><!-- \/.sc_button_text --><\/a><!-- \/.sc_button --><\/div><!-- \/.sc_item_button -->[\/vc_column][vc_column width=&#8221;1\/2&#8243;][vc_empty_space alter_height=&#8221;small&#8221; hide_on_mobile=&#8221;&#8221;][vc_column_text]<\/p>\n<div class=\"text-block\">\n<h2 class=\"section-heading\">GARNITURY \u015aLUBNE<\/h2>\n<p class=\"section-lead\">Garnitur \u015blubny na miar\u0119 &#8211; uszyty z my\u015bl\u0105 o Tobie<\/p>\n<div class=\"text-columns\">\n<div class=\"text-column\">\n<h4 class=\"subheading\">TW\u00d3J DZIE\u0143.TW\u00d3J STYL<\/h4>\n<p>Szyjemy garnitury \u015blubne na miar\u0119, kt\u00f3re podkre\u015blaj\u0105 charakter i elegancj\u0119 Pana M\u0142odego.<\/p>\n<\/div>\n<div class=\"text-column\">\n<h4 class=\"subheading\">poznaj rogowski manufaktura krawiecka<\/h4>\n<p>Od klasycznego dwurz\u0119dowego po nowoczesny smoking- stworzymy Tw\u00f3j garnitur \u015blubny na miar\u0119 z pasj\u0105 i precyzj\u0105.<\/p>\n<\/div>\n<\/div>\n<\/div>\n<p>[\/vc_column_text][vc_empty_space alter_height=&#8221;small&#8221; hide_on_mobile=&#8221;&#8221;][\/vc_column][\/vc_row][vc_row][vc_column][vc_empty_space alter_height=&#8221;large&#8221; hide_on_mobile=&#8221;&#8221;][\/vc_column][\/vc_row][vc_row][vc_column][vc_separator][vc_empty_space alter_height=&#8221;large&#8221; hide_on_mobile=&#8221;&#8221;][\/vc_column][\/vc_row][vc_row][vc_column width=&#8221;1\/2&#8243;][vc_empty_space alter_height=&#8221;small&#8221; hide_on_mobile=&#8221;&#8221;][vc_column_text]<\/p>\n<div class=\"text-block\">\n<h2 class=\"section-heading\">garnitury wizytowe &amp; Biznesowe<\/h2>\n<div class=\"text-columns\">\n<div class=\"text-column\">\n<h5><strong>Garnitury wizytowe i biznesowe \u2013 elegancja, klasa i perfekcyjne dopasowanie<\/strong><\/h5>\n<p>&nbsp;<\/p>\n<p>W Rogowski Manufaktura oferujemy garnitury wizytowe oraz garnitury biznesowe szyte z najwy\u017cszej jako\u015bci tkanin od renomowanych producent\u00f3w z W\u0142och i Wielkiej Brytanii. Nasze modele \u0142\u0105cz\u0105 ponadczasowy styl, profesjonalny wizerunek oraz wygod\u0119 noszenia \u2013 idealne na spotkania biznesowe, konferencje, uroczysto\u015bci i codzienn\u0105 prac\u0119 w biurze.<\/p>\n<p>&nbsp;<\/p>\n<p>&nbsp;<\/p>\n<h5>Postaw na garnitur, kt\u00f3ry pracuje na Tw\u00f3j sukces. Rogowski Manufaktura \u2013 specjalista od elegancji m\u0119skiej.<\/h5>\n<div><\/div>\n<\/div>\n<\/div>\n<\/div>\n<p>[\/vc_column_text][vc_empty_space alter_height=&#8221;small&#8221; hide_on_mobile=&#8221;&#8221;][vc_empty_space alter_height=&#8221;medium&#8221; hide_on_mobile=&#8221;&#8221;]<div class=\"sc_item_button sc_button_wrap sc_align_right\"><a href=\"\/index.php\/galeria-8\/\" id=\"sc_button_2012753779\" class=\"sc_button sc_button_default sc_button_size_normal sc_button_icon_left\"><span class=\"sc_button_text sc_align_right\"><span class=\"sc_button_title\">Sprawd\u017a wi\u0119cej!<\/span><\/span><!-- \/.sc_button_text --><\/a><!-- \/.sc_button --><\/div><!-- \/.sc_item_button -->[\/vc_column][vc_column width=&#8221;1\/2&#8243;][vc_empty_space alter_height=&#8221;small&#8221; hide_on_mobile=&#8221;&#8221;][vc_single_image image=&#8221;1497&#8243; img_size=&#8221;large&#8221; onclick=&#8221;custom_link&#8221;][vc_empty_space alter_height=&#8221;small&#8221; hide_on_mobile=&#8221;&#8221;][\/vc_column][\/vc_row][vc_row][vc_column][vc_empty_space alter_height=&#8221;large&#8221; hide_on_mobile=&#8221;&#8221;][\/vc_column][\/vc_row][vc_row][vc_column][vc_separator][vc_empty_space alter_height=&#8221;large&#8221; hide_on_mobile=&#8221;&#8221;][\/vc_column][\/vc_row][vc_row][vc_column width=&#8221;1\/2&#8243;][vc_empty_space alter_height=&#8221;small&#8221; hide_on_mobile=&#8221;&#8221;][vc_single_image image=&#8221;1533&#8243; img_size=&#8221;large&#8221; onclick=&#8221;custom_link&#8221;][vc_empty_space alter_height=&#8221;small&#8221; hide_on_mobile=&#8221;&#8221;][\/vc_column][vc_column width=&#8221;1\/2&#8243;][vc_empty_space alter_height=&#8221;small&#8221; hide_on_mobile=&#8221;&#8221;][vc_column_text]<\/p>\n<div class=\"text-block\">\n<h2 class=\"section-heading\">Marynarki<\/h2>\n<div class=\"text-columns\">\n<div class=\"text-column\">\n<h5 class=\"section-lead\"><strong>Tworzymy marynarki, kt\u00f3re spe\u0142niaj\u0105 wszelkie oczekiwania<\/strong><\/h5>\n<h4>Marynarka sportowa czy klasyczna?<\/h4>\n<p>Szukasz elegancji na co dzie\u0144, czy swobody z klas\u0105 &#8211;\u00a0 dobierzemy tkanin\u0119, fason i wyko\u0144czenie, kt\u00f3re zrobi r\u00f3\u017cni\u0119.<\/p>\n<div class=\"text-columns\">\n<div class=\"text-column\">\n<h4>styl zaczyna si\u0119 od ramion..<\/h4>\n<p>Precyzja, w\u0142oska lekko\u015b\u0107, r\u00f3\u017cnorodne rodzaje wyko\u0144cze\u0144, konstrukcja na p\u0142\u00f3tnie, wersje letnie bez podszewki&#8230; nie ma problemu&#8230; uszyjemy.<\/p>\n<\/div>\n<\/div>\n<\/div>\n<\/div>\n<\/div>\n<p>[\/vc_column_text][vc_empty_space alter_height=&#8221;small&#8221; hide_on_mobile=&#8221;&#8221;][vc_empty_space alter_height=&#8221;medium&#8221; hide_on_mobile=&#8221;&#8221;]<div class=\"sc_item_button sc_button_wrap sc_align_right\"><a href=\"\/index.php\/galeria-9\/\" id=\"sc_button_1851896058\" class=\"sc_button sc_button_default sc_button_size_normal sc_button_icon_left\"><span class=\"sc_button_text sc_align_right\"><span class=\"sc_button_title\">Sprawd\u017a wi\u0119cej!<\/span><\/span><!-- \/.sc_button_text --><\/a><!-- \/.sc_button --><\/div><!-- \/.sc_item_button -->[\/vc_column][\/vc_row][vc_row][vc_column][vc_empty_space alter_height=&#8221;large&#8221; hide_on_mobile=&#8221;&#8221;][\/vc_column][\/vc_row][vc_row][vc_column][vc_separator][vc_empty_space alter_height=&#8221;large&#8221; hide_on_mobile=&#8221;&#8221;][\/vc_column][\/vc_row][vc_row][vc_column width=&#8221;1\/2&#8243;][vc_empty_space alter_height=&#8221;small&#8221; hide_on_mobile=&#8221;&#8221;][vc_column_text]<\/p>\n<div class=\"text-block\">\n<h2 class=\"section-heading\">Kurtki i P\u0142aszcze<\/h2>\n<h5 class=\"section-lead\"><strong>Na ka\u017cd\u0105 okazj\u0119, na ka\u017cd\u0105 pogod\u0119&#8230;<\/strong><\/h5>\n<div class=\"text-columns\">\n<div class=\"text-column\">\n<h4 class=\"subheading\">P\u0142aszcz m\u0119ski na miar\u0119<\/h4>\n<p>Elegancki, dopasowany, trwa\u0142y. Szyjemy p\u0142aszcze na ch\u0142odne miesi\u0105ce, zar\u00f3wno z we\u0142en, cashmeru jak i tkanin wodoodpornych. We\u0142niana dyplomatka a\u017c po lekki trench. Wybierasz tkanin\u0119, kolor, i d\u0142ugo\u015b\u0107 &#8211; my zajmiemy si\u0119 reszt\u0105<\/p>\n<\/div>\n<div class=\"text-column\">\n<h4 class=\"subheading\">kurtka m\u0119ska na miar\u0119<\/h4>\n<p>Wygoda nie wyklucza stylu. tworzymy kurtki, kt\u00f3re dopasowuj\u0105 si\u0119 do twoich potrzeb &#8211; od smart casual po klasyk\u0119 z ko\u0142nierzem.<\/p>\n<\/div>\n<\/div>\n<\/div>\n<p>[\/vc_column_text][vc_empty_space alter_height=&#8221;small&#8221; hide_on_mobile=&#8221;&#8221;][vc_empty_space alter_height=&#8221;medium&#8221; hide_on_mobile=&#8221;&#8221;]<div class=\"sc_item_button sc_button_wrap sc_align_right\"><a href=\"\/index.php\/galeria-10\/\" id=\"sc_button_748927943\" class=\"sc_button sc_button_default sc_button_size_normal sc_button_icon_left\"><span class=\"sc_button_text sc_align_right\"><span class=\"sc_button_title\">Sprawd\u017a wi\u0119cej!<\/span><\/span><!-- \/.sc_button_text --><\/a><!-- \/.sc_button --><\/div><!-- \/.sc_item_button -->[\/vc_column][vc_column width=&#8221;1\/2&#8243;][vc_empty_space alter_height=&#8221;small&#8221; hide_on_mobile=&#8221;&#8221;][vc_single_image image=&#8221;1535&#8243; img_size=&#8221;large&#8221; onclick=&#8221;custom_link&#8221;][vc_empty_space alter_height=&#8221;small&#8221; hide_on_mobile=&#8221;&#8221;][\/vc_column][\/vc_row][vc_row][vc_column][vc_empty_space alter_height=&#8221;large&#8221; hide_on_mobile=&#8221;&#8221;][\/vc_column][\/vc_row][vc_row][vc_column][vc_separator][vc_empty_space alter_height=&#8221;large&#8221; hide_on_mobile=&#8221;&#8221;][\/vc_column][\/vc_row][vc_row][vc_column width=&#8221;1\/2&#8243;][vc_empty_space alter_height=&#8221;small&#8221; hide_on_mobile=&#8221;&#8221;][vc_single_image image=&#8221;1620&#8243; img_size=&#8221;large&#8221; onclick=&#8221;custom_link&#8221;][vc_empty_space alter_height=&#8221;small&#8221; hide_on_mobile=&#8221;&#8221;][\/vc_column][vc_column width=&#8221;1\/2&#8243;][vc_empty_space alter_height=&#8221;small&#8221; hide_on_mobile=&#8221;&#8221;][vc_column_text]<\/p>\n<div class=\"text-block\">\n<h2 class=\"section-heading\">Spodnie i Kamizelki<\/h2>\n<div class=\"text-columns\">\n<div class=\"text-column\">\n<h5><strong>Spodnie i kamizelki \u2013 perfekcyjne uzupe\u0142nienie eleganckiej garderoby<\/strong><\/h5>\n<\/div>\n<p>&nbsp;<\/p>\n<p>&nbsp;<\/p>\n<p>&nbsp;<\/p>\n<p>W Rogowski Manufaktura oferujemy spodnie m\u0119skie i kamizelki m\u0119skie szyte z najwy\u017cszej jako\u015bci tkanin, kt\u00f3re doskonale komponuj\u0105 si\u0119 z garniturami, marynarkami lub tworz\u0105 eleganckie zestawy koordynowane. Nasze modele powstaj\u0105 w oparciu o tradycyjne rzemios\u0142o krawieckie i nowoczesne techniki konstrukcji, co zapewnia idealne dopasowanie, komfort noszenia i ponadczasowy wygl\u0105d.<\/p>\n<\/div>\n<\/div>\n<p>[\/vc_column_text][vc_empty_space alter_height=&#8221;medium&#8221; hide_on_mobile=&#8221;&#8221;][vc_empty_space alter_height=&#8221;small&#8221; hide_on_mobile=&#8221;&#8221;]<div class=\"sc_item_button sc_button_wrap sc_align_right\"><a href=\"\/index.php\/galeria-11\/\" id=\"sc_button_1554103906\" class=\"sc_button sc_button_default sc_button_size_normal sc_button_icon_left\"><span class=\"sc_button_text sc_align_right\"><span class=\"sc_button_title\">Sprawd\u017a wi\u0119cej!<\/span><\/span><!-- \/.sc_button_text --><\/a><!-- \/.sc_button --><\/div><!-- \/.sc_item_button -->[\/vc_column][\/vc_row][vc_row][vc_column][vc_empty_space alter_height=&#8221;large&#8221; hide_on_mobile=&#8221;&#8221;][\/vc_column][\/vc_row][vc_row][vc_column][vc_separator][vc_empty_space alter_height=&#8221;large&#8221; hide_on_mobile=&#8221;&#8221;][\/vc_column][\/vc_row][vc_row][vc_column width=&#8221;1\/2&#8243;][vc_empty_space alter_height=&#8221;small&#8221; hide_on_mobile=&#8221;&#8221;][vc_column_text]<\/p>\n<div class=\"text-block\">\n<h2 class=\"section-heading\">Dodatki<\/h2>\n<h4 class=\"section-lead\">detale, kt\u00f3re tworz\u0105 Tw\u00f3j styl<\/h4>\n<\/div>\n<p>&nbsp;<\/p>\n<p>&nbsp;<\/p>\n<p>W Rogowski Manufaktura oferujemy szeroki wyb\u00f3r eleganckich dodatk\u00f3w m\u0119skich, kt\u00f3re dope\u0142niaj\u0105 ka\u017cd\u0105 stylizacj\u0119 \u2013 od formalnych garnitur\u00f3w po casualowe zestawy. Nasza kolekcja obejmuje koszule m\u0119skie, krawaty, muchy, poszetki, spinki do mankiet\u00f3w, paski sk\u00f3rzane oraz buty m\u0119skie wykonane z najwy\u017cszej jako\u015bci materia\u0142\u00f3w.<\/p>\n<p>&nbsp;<\/p>\n<p>Koszule m\u0119skie szyjemy z naturalnych tkanin \u2013 bawe\u0142ny, lnu i mieszanek premium \u2013 w krojach klasycznych oraz slim fit. Krawaty i muchy powstaj\u0105 z jedwabiu, we\u0142ny lub lnu, a ich wzornictwo obejmuje zar\u00f3wno g\u0142adkie modele, jak i modne mikrowzory czy kraty. W ofercie znajduj\u0105 si\u0119 tak\u017ce spinki do mankiet\u00f3w, kt\u00f3re dodaj\u0105 elegancji ka\u017cdemu zestawowi, oraz sk\u00f3rzane buty m\u0119skie szyte tradycyjnymi metodami.<\/p>\n<p>&nbsp;<\/p>\n<p>Ka\u017cdy element kolekcji dobieramy z my\u015bl\u0105 o sp\u00f3jno\u015bci wizerunku \u2013 tak, aby idealnie komponowa\u0142 si\u0119 z garniturami, marynarkami czy p\u0142aszczami Rogowski Manufaktura. Dzi\u0119ki do\u015bwiadczeniu naszych doradc\u00f3w wizerunkowych, pomo\u017cemy stworzy\u0107 zestaw, kt\u00f3ry b\u0119dzie harmonijnym po\u0142\u0105czeniem elegancji, jako\u015bci i indywidualnego charakteru.<\/p>\n<div class=\"text-block\">\n<div class=\"text-columns\">\n<div class=\"text-column\">\n<p>&nbsp;<\/p>\n<\/div>\n<\/div>\n<\/div>\n<p>[\/vc_column_text][vc_empty_space alter_height=&#8221;small&#8221; hide_on_mobile=&#8221;&#8221;][vc_empty_space alter_height=&#8221;medium&#8221; hide_on_mobile=&#8221;&#8221;]<div class=\"sc_item_button sc_button_wrap sc_align_right\"><a href=\"\/index.php\/galeria-12\/\" id=\"sc_button_218301253\" class=\"sc_button sc_button_default sc_button_size_normal sc_button_icon_left\"><span class=\"sc_button_text sc_align_right\"><span class=\"sc_button_title\">Sprawd\u017a wi\u0119cej!<\/span><\/span><!-- \/.sc_button_text --><\/a><!-- \/.sc_button --><\/div><!-- \/.sc_item_button -->[\/vc_column][vc_column width=&#8221;1\/2&#8243;][vc_empty_space alter_height=&#8221;small&#8221; hide_on_mobile=&#8221;&#8221;][vc_single_image image=&#8221;1538&#8243; img_size=&#8221;large&#8221; onclick=&#8221;custom_link&#8221;][vc_empty_space alter_height=&#8221;small&#8221; hide_on_mobile=&#8221;&#8221;][\/vc_column][\/vc_row]<\/p>\n<\/div>","protected":false},"excerpt":{"rendered":"<p>[vc_row][vc_column][vc_separator style=&#8221;double&#8221; border_width=&#8221;2&#8243;][vc_empty_space alter_height=&#8221;small&#8221; hide_on_mobile=&#8221;&#8221;][vc_empty_space alter_height=&#8221;small&#8221; hide_on_mobile=&#8221;&#8221;][vc_separator style=&#8221;double&#8221; border_width=&#8221;2&#8243;][\/vc_column][\/vc_row][vc_row][vc_column][vc_empty_space alter_height=&#8221;large&#8221; hide_on_mobile=&#8221;&#8221;][\/vc_column][\/vc_row][vc_row][vc_column width=&#8221;1\/2&#8243;][vc_empty_space alter_height=&#8221;small&#8221; hide_on_mobile=&#8221;&#8221;][vc_single_image image=&#8221;1510&#8243; img_size=&#8221;large&#8221; onclick=&#8221;custom_link&#8221;][vc_empty_space alter_height=&#8221;small&#8221; hide_on_mobile=&#8221;&#8221;][vc_empty_space alter_height=&#8221;medium&#8221; hide_on_mobile=&#8221;&#8221;][\/vc_column][vc_column width=&#8221;1\/2&#8243;][vc_empty_space alter_height=&#8221;small&#8221; hide_on_mobile=&#8221;&#8221;][vc_column_text] GARNITURY \u015aLUBNE Garnitur \u015blubny na miar\u0119 &#8211; uszyty z my\u015bl\u0105 o Tobie TW\u00d3J DZIE\u0143.TW\u00d3J STYL Szyjemy garnitury \u015blubne na miar\u0119, kt\u00f3re podkre\u015blaj\u0105 charakter i elegancj\u0119 Pana M\u0142odego. poznaj rogowski manufaktura krawiecka Od klasycznego dwurz\u0119dowego po nowoczesny&hellip;<\/p>\n","protected":false},"author":1,"featured_media":0,"parent":0,"menu_order":0,"comment_status":"closed","ping_status":"closed","template":"","meta":{"_gspb_post_css":"","footnotes":""},"class_list":["post-1357","page","type-page","status-publish","hentry"],"_links":{"self":[{"href":"https:\/\/rogowskikrawiectwo.pl\/index.php\/wp-json\/wp\/v2\/pages\/1357","targetHints":{"allow":["GET"]}}],"collection":[{"href":"https:\/\/rogowskikrawiectwo.pl\/index.php\/wp-json\/wp\/v2\/pages"}],"about":[{"href":"https:\/\/rogowskikrawiectwo.pl\/index.php\/wp-json\/wp\/v2\/types\/page"}],"author":[{"embeddable":true,"href":"https:\/\/rogowskikrawiectwo.pl\/index.php\/wp-json\/wp\/v2\/users\/1"}],"replies":[{"embeddable":true,"href":"https:\/\/rogowskikrawiectwo.pl\/index.php\/wp-json\/wp\/v2\/comments?post=1357"}],"version-history":[{"count":17,"href":"https:\/\/rogowskikrawiectwo.pl\/index.php\/wp-json\/wp\/v2\/pages\/1357\/revisions"}],"predecessor-version":[{"id":1738,"href":"https:\/\/rogowskikrawiectwo.pl\/index.php\/wp-json\/wp\/v2\/pages\/1357\/revisions\/1738"}],"wp:attachment":[{"href":"https:\/\/rogowskikrawiectwo.pl\/index.php\/wp-json\/wp\/v2\/media?parent=1357"}],"curies":[{"name":"wp","href":"https:\/\/api.w.org\/{rel}","templated":true}]}}