{"id":1340,"date":"2025-07-28T14:58:02","date_gmt":"2025-07-28T12:58:02","guid":{"rendered":"http:\/\/serwer341089.lh.pl\/autoinstalator\/serwer341089.lh.pl\/wordpress109543\/?page_id=1340"},"modified":"2026-04-06T07:11:31","modified_gmt":"2026-04-06T05:11:31","slug":"salony-firmowe","status":"publish","type":"page","link":"https:\/\/rogowskikrawiectwo.pl\/index.php\/salony-firmowe\/","title":{"rendered":"Salony Firmowe"},"content":{"rendered":"<div class=\"wpb-content-wrapper\"><p>[vc_row css_animation=&#8221;fadeInDown&#8221;][vc_column][vc_separator style=&#8221;shadow&#8221; border_width=&#8221;2&#8243;]<div id=\"sc_title_1303605706\"\n\t\tclass=\"sc_title sc_title_default\"><h3 class=\"sc_item_title sc_title_title sc_align_center sc_item_title_style_style_h1\">Rogowski Manufaktura Krawiecka<\/h3><div class=\"sc_item_subtitle_container  sc_align_center sc_item_title_style_style_h1\"><h6 class=\"sc_item_subtitle sc_title_subtitle sc_item_title_style_style_h1\">Pi\u0119\u0107 salon\u00f3w, jedna filozofia obs\u0142ugi<\/h6><\/div><div class=\"sc_item_descr sc_title_descr sc_align_center\">Zapraszamy do naszych salon\u00f3w firmowych, w kt\u00f3rych elegancja spotyka si\u0119 z indywidualnym podej\u015bciem. Ka\u017cde z tych miejsc tworzymy z my\u015bl\u0105 o komforcie i satysfakcji klient\u00f3w \u2013 oferuj\u0105c pe\u0142n\u0105 obs\u0142ug\u0119 szycia miarowego, doradztwa \u015blubnego i dopasowania stylizacji.<\/div><\/div><!-- \/.sc_title -->[vc_empty_space alter_height=&#8221;medium&#8221; hide_on_mobile=&#8221;&#8221;][vc_separator style=&#8221;double&#8221; border_width=&#8221;2&#8243;][vc_empty_space alter_height=&#8221;small&#8221; hide_on_mobile=&#8221;&#8221;]<div id=\"sc_title_664483748\"\n\t\tclass=\"sc_title sc_title_default\"><div class=\"sc_item_subtitle_container  sc_align_center sc_item_title_style_default\"><h6 class=\"sc_item_subtitle sc_title_subtitle sc_item_title_style_default\">Nasze lokalizacje!<\/h6><\/div><\/div><!-- \/.sc_title -->[vc_empty_space alter_height=&#8221;large&#8221; hide_on_mobile=&#8221;&#8221;][\/vc_column][\/vc_row][vc_row][vc_column width=&#8221;1\/3&#8243;][vc_single_image image=&#8221;1551&#8243; img_size=&#8221;500&#215;300&#8243;][vc_single_image image=&#8221;1551&#8243; img_size=&#8221;small&#8221;]<div id=\"widget_contacts_1210549161\" class=\"widget_area sc_widget_contacts vc_widget_contacts wpb_content_element\"><aside id=\"widget_contacts_1210549161_widget\" class=\"widget widget_contacts\"><div class=\"contacts_place contacts_map_top\"><div class=\"contacts_map\"><div id=\"sc_googlemap_1558399733_wrap\" class=\"sc_googlemap_wrap\"><div id=\"sc_googlemap_1558399733\"\n\t\t\tclass=\"sc_googlemap sc_googlemap_default\"\n\t\t\t style=\"width:100%;height:130px;\"\t\t\tdata-zoom=\"10\"\n\t\t\tdata-style=\"default\"\n    ><iframe\n                src=\"https:\/\/maps.google.com\/maps?t=m&output=embed&iwloc=near&z=10&q=Warszawa+%E2%80%93+ul.+Modli%C5%84ska+371\"\n                scrolling=\"no\"\n                marginheight=\"0\"\n                marginwidth=\"0\"\n                frameborder=\"0\"\n                aria-label=\"\"><\/iframe><\/div><\/div><!-- \/.sc_googlemap_wrap --><\/div><div class=\"contacts_info\"><div class=\"contacts_right\"><span class=\"contacts_address\">Warszawa \u2013 ul. Modli\u0144ska 371<\/span><div class=\"contacts_worktime\"><p>Wt\u2013Pt: 11:30\u201320:30 | Sob.: 9:00\u201317:30<\/p>\n<\/div><span class=\"contacts_phone\"><a href=\"tel:Tel: 22 819 00 59\">Tel: 22 819 00 59<\/a><\/span><\/div><\/div><\/div><\/aside><\/div>[\/vc_column][vc_column width=&#8221;1\/3&#8243;][vc_single_image image=&#8221;1506&#8243; img_size=&#8221;500&#215;300&#8243;]<div id=\"widget_contacts_2062450417\" class=\"widget_area sc_widget_contacts vc_widget_contacts wpb_content_element\"><aside id=\"widget_contacts_2062450417_widget\" class=\"widget widget_contacts\"><div class=\"contacts_place contacts_map_top\"><div class=\"contacts_map\"><div id=\"sc_googlemap_774530823_wrap\" class=\"sc_googlemap_wrap\"><div id=\"sc_googlemap_774530823\"\n\t\t\tclass=\"sc_googlemap sc_googlemap_default\"\n\t\t\t style=\"width:100%;height:130px;\"\t\t\tdata-zoom=\"10\"\n\t\t\tdata-style=\"default\"\n    ><iframe\n                src=\"https:\/\/maps.google.com\/maps?t=m&output=embed&iwloc=near&z=10&q=Warszawa+%E2%80%93+ul.+Przycz%C3%B3%C5%82kowa+348A\"\n                scrolling=\"no\"\n                marginheight=\"0\"\n                marginwidth=\"0\"\n                frameborder=\"0\"\n                aria-label=\"\"><\/iframe><\/div><\/div><!-- \/.sc_googlemap_wrap --><\/div><div class=\"contacts_info\"><div class=\"contacts_right\"><span class=\"contacts_address\">Warszawa \u2013 ul. Przycz\u00f3\u0142kowa 348A<\/span><div class=\"contacts_worktime\"><p>Wt\u2013Pt: 12:00\u201320:00 | Sob.: 9:00\u201317:30<\/p>\n<\/div><span class=\"contacts_phone\"><a href=\"tel:Tel.: 605 11 22 55\">Tel.: 605 11 22 55<\/a><\/span><\/div><\/div><\/div><\/aside><\/div>[\/vc_column][vc_column width=&#8221;1\/3&#8243;][vc_single_image image=&#8221;1507&#8243; img_size=&#8221;500&#215;300&#8243;]<div id=\"widget_contacts_946494411\" class=\"widget_area sc_widget_contacts vc_widget_contacts wpb_content_element\"><aside id=\"widget_contacts_946494411_widget\" class=\"widget widget_contacts\"><div class=\"contacts_place contacts_map_top\"><div class=\"contacts_map\"><div id=\"sc_googlemap_1835621965_wrap\" class=\"sc_googlemap_wrap\"><div id=\"sc_googlemap_1835621965\"\n\t\t\tclass=\"sc_googlemap sc_googlemap_default\"\n\t\t\t style=\"width:100%;height:130px;\"\t\t\tdata-zoom=\"10\"\n\t\t\tdata-style=\"default\"\n    ><iframe\n                src=\"https:\/\/maps.google.com\/maps?t=m&output=embed&iwloc=near&z=10&q=Warszawa+%E2%80%93+ul.+Po%C5%82czy%C5%84ska+115\"\n                scrolling=\"no\"\n                marginheight=\"0\"\n                marginwidth=\"0\"\n                frameborder=\"0\"\n                aria-label=\"\"><\/iframe><\/div><\/div><!-- \/.sc_googlemap_wrap --><\/div><div class=\"contacts_info\"><div class=\"contacts_right\"><span class=\"contacts_address\">Warszawa \u2013 ul. Po\u0142czy\u0144ska 115<\/span><div class=\"contacts_worktime\"><p>Wt\u2013Pt: 12:00\u201320:00 | Sob.: 9:00\u201317:30<\/p>\n<\/div><span class=\"contacts_phone\"><a href=\"tel:Tel.: 887374374\">Tel.: 887374374<\/a><\/span><\/div><\/div><\/div><\/aside><\/div>[\/vc_column][\/vc_row][vc_row][vc_column width=&#8221;1\/2&#8243;][vc_single_image image=&#8221;1553&#8243; img_size=&#8221;500&#215;300&#8243;]<div id=\"widget_contacts_2046969083\" class=\"widget_area sc_widget_contacts vc_widget_contacts wpb_content_element\"><aside id=\"widget_contacts_2046969083_widget\" class=\"widget widget_contacts\"><div class=\"contacts_place contacts_map_top\"><div class=\"contacts_map\"><div id=\"sc_googlemap_373745885_wrap\" class=\"sc_googlemap_wrap\"><div id=\"sc_googlemap_373745885\"\n\t\t\tclass=\"sc_googlemap sc_googlemap_default\"\n\t\t\t style=\"width:100%;height:130px;\"\t\t\tdata-zoom=\"10\"\n\t\t\tdata-style=\"default\"\n    ><iframe\n                src=\"https:\/\/maps.google.com\/maps?t=m&output=embed&iwloc=near&z=10&q=Warszawa+%E2%80%93+al.+Jana+Paw%C5%82a+II+45A+lok.+48%2F49\"\n                scrolling=\"no\"\n                marginheight=\"0\"\n                marginwidth=\"0\"\n                frameborder=\"0\"\n                aria-label=\"\"><\/iframe><\/div><\/div><!-- \/.sc_googlemap_wrap --><\/div><div class=\"contacts_info\"><div class=\"contacts_right\"><span class=\"contacts_address\">Warszawa \u2013 al. Jana Paw\u0142a II 45A lok. 48\/49<\/span><div class=\"contacts_worktime\"><p>Wt\u2013Pt: 11:00\u201320:00 | Sob.: 9:00\u201317:30<\/p>\n<\/div><span class=\"contacts_phone\"><a href=\"tel:Tel.: 603 222 119\">Tel.: 603 222 119<\/a><\/span><\/div><\/div><\/div><\/aside><\/div>[\/vc_column][vc_column width=&#8221;1\/2&#8243;][vc_single_image image=&#8221;1552&#8243; img_size=&#8221;500&#215;300&#8243;]<div id=\"widget_contacts_1416855666\" class=\"widget_area sc_widget_contacts vc_widget_contacts wpb_content_element\"><aside id=\"widget_contacts_1416855666_widget\" class=\"widget widget_contacts\"><div class=\"contacts_place contacts_map_top\"><div class=\"contacts_map\"><div id=\"sc_googlemap_1667554047_wrap\" class=\"sc_googlemap_wrap\"><div id=\"sc_googlemap_1667554047\"\n\t\t\tclass=\"sc_googlemap sc_googlemap_default\"\n\t\t\t style=\"width:100%;height:130px;\"\t\t\tdata-zoom=\"10\"\n\t\t\tdata-style=\"default\"\n    ><iframe\n                src=\"https:\/\/maps.google.com\/maps?t=m&output=embed&iwloc=near&z=10&q=%C5%81omianki+%E2%80%93+ul.+Warszawska+48\"\n                scrolling=\"no\"\n                marginheight=\"0\"\n                marginwidth=\"0\"\n                frameborder=\"0\"\n                aria-label=\"\"><\/iframe><\/div><\/div><!-- \/.sc_googlemap_wrap --><\/div><div class=\"contacts_info\"><div class=\"contacts_right\"><span class=\"contacts_address\">\u0141omianki \u2013 ul. Warszawska 48<\/span><div class=\"contacts_worktime\"><p>Wt\u2013Pt: 11:00\u201320:00 | Sob.: 9:00\u201317:30<\/p>\n<\/div><span class=\"contacts_phone\"><a href=\"tel:Tel.: 22 751 39 81\">Tel.: 22 751 39 81<\/a><\/span><\/div><\/div><\/div><\/aside><\/div>[\/vc_column][\/vc_row][vc_row][vc_column][vc_separator border_width=&#8221;3&#8243;][\/vc_column][\/vc_row][vc_row][vc_column width=&#8221;1\/2&#8243;][vc_empty_space alter_height=&#8221;large&#8221; hide_on_mobile=&#8221;&#8221;][vc_single_image image=&#8221;1556&#8243; img_size=&#8221;large&#8221;][vc_empty_space alter_height=&#8221;small&#8221; hide_on_mobile=&#8221;&#8221;][vc_empty_space alter_height=&#8221;small&#8221; hide_on_mobile=&#8221;&#8221;][vc_single_image image=&#8221;1560&#8243; img_size=&#8221;large&#8221;][vc_empty_space alter_height=&#8221;small&#8221; hide_on_mobile=&#8221;&#8221;][vc_empty_space alter_height=&#8221;small&#8221; hide_on_mobile=&#8221;&#8221;][vc_single_image image=&#8221;1546&#8243; img_size=&#8221;large&#8221;][vc_empty_space alter_height=&#8221;small&#8221; hide_on_mobile=&#8221;&#8221;][\/vc_column][vc_column width=&#8221;1\/2&#8243;][vc_empty_space alter_height=&#8221;large&#8221; hide_on_mobile=&#8221;&#8221;][vc_empty_space alter_height=&#8221;small&#8221; hide_on_mobile=&#8221;&#8221;][vc_single_image image=&#8221;1558&#8243; img_size=&#8221;large&#8221; alignment=&#8221;right&#8221;][vc_empty_space alter_height=&#8221;small&#8221; hide_on_mobile=&#8221;&#8221;][vc_empty_space alter_height=&#8221;small&#8221; hide_on_mobile=&#8221;&#8221;][vc_single_image image=&#8221;1561&#8243; img_size=&#8221;large&#8221; alignment=&#8221;right&#8221;][vc_empty_space alter_height=&#8221;small&#8221; hide_on_mobile=&#8221;&#8221;][vc_empty_space alter_height=&#8221;small&#8221; hide_on_mobile=&#8221;&#8221;][vc_single_image image=&#8221;1562&#8243; img_size=&#8221;large&#8221; alignment=&#8221;right&#8221;][\/vc_column][\/vc_row][vc_row][vc_column][vc_empty_space alter_height=&#8221;large&#8221; hide_on_mobile=&#8221;&#8221;][vc_separator border_width=&#8221;2&#8243;][\/vc_column][\/vc_row][vc_row][vc_column]<div id=\"sc_title_2106861639\"\n\t\tclass=\"sc_title sc_title_default\"><h3 class=\"sc_item_title sc_title_title sc_align_center sc_item_title_style_style_2\">Czego mo\u017cesz si\u0119 spodziewa\u0107?<\/h3><div class=\"sc_item_descr sc_title_descr sc_align_center\">Indywidualna konsultacja z doradc\u0105 i stylist\u0105<br \/>\nPobranie miary i przymiarki na miejscu<br \/>\nDost\u0119p do pe\u0142nej oferty tkanin i dodatk\u00f3w<br \/>\nObs\u0142uga \u015blubna, biznesowa i codzienna<\/div><\/div><!-- \/.sc_title -->[\/vc_column][\/vc_row][vc_row][vc_column][vc_empty_space alter_height=&#8221;large&#8221; hide_on_mobile=&#8221;&#8221;][vc_masonry_media_grid element_width=&#8221;12&#8243; grid_id=&#8221;vc_gid:1775452128979-afde9a06-b1ab-0&#8243; include=&#8221;1646&#8243;][\/vc_column][\/vc_row][vc_row][vc_column][\/vc_column][\/vc_row]<\/p>\n<\/div>","protected":false},"excerpt":{"rendered":"<p>[vc_row css_animation=&#8221;fadeInDown&#8221;][vc_column][vc_separator style=&#8221;shadow&#8221; border_width=&#8221;2&#8243;][vc_empty_space alter_height=&#8221;medium&#8221; hide_on_mobile=&#8221;&#8221;][vc_separator style=&#8221;double&#8221; border_width=&#8221;2&#8243;][vc_empty_space alter_height=&#8221;small&#8221; hide_on_mobile=&#8221;&#8221;][vc_empty_space alter_height=&#8221;large&#8221; hide_on_mobile=&#8221;&#8221;][\/vc_column][\/vc_row][vc_row][vc_column width=&#8221;1\/3&#8243;][vc_single_image image=&#8221;1551&#8243; img_size=&#8221;500&#215;300&#8243;][vc_single_image image=&#8221;1551&#8243; img_size=&#8221;small&#8221;][\/vc_column][vc_column width=&#8221;1\/3&#8243;][vc_single_image image=&#8221;1506&#8243; img_size=&#8221;500&#215;300&#8243;][\/vc_column][vc_column width=&#8221;1\/3&#8243;][vc_single_image image=&#8221;1507&#8243; img_size=&#8221;500&#215;300&#8243;][\/vc_column][\/vc_row][vc_row][vc_column width=&#8221;1\/2&#8243;][vc_single_image image=&#8221;1553&#8243; img_size=&#8221;500&#215;300&#8243;][\/vc_column][vc_column width=&#8221;1\/2&#8243;][vc_single_image image=&#8221;1552&#8243; img_size=&#8221;500&#215;300&#8243;][\/vc_column][\/vc_row][vc_row][vc_column][vc_separator border_width=&#8221;3&#8243;][\/vc_column][\/vc_row][vc_row][vc_column width=&#8221;1\/2&#8243;][vc_empty_space alter_height=&#8221;large&#8221; hide_on_mobile=&#8221;&#8221;][vc_single_image image=&#8221;1556&#8243; img_size=&#8221;large&#8221;][vc_empty_space alter_height=&#8221;small&#8221; hide_on_mobile=&#8221;&#8221;][vc_empty_space alter_height=&#8221;small&#8221; hide_on_mobile=&#8221;&#8221;][vc_single_image image=&#8221;1560&#8243; img_size=&#8221;large&#8221;][vc_empty_space alter_height=&#8221;small&#8221; hide_on_mobile=&#8221;&#8221;][vc_empty_space alter_height=&#8221;small&#8221; hide_on_mobile=&#8221;&#8221;][vc_single_image image=&#8221;1546&#8243; img_size=&#8221;large&#8221;][vc_empty_space alter_height=&#8221;small&#8221; hide_on_mobile=&#8221;&#8221;][\/vc_column][vc_column width=&#8221;1\/2&#8243;][vc_empty_space alter_height=&#8221;large&#8221; hide_on_mobile=&#8221;&#8221;][vc_empty_space alter_height=&#8221;small&#8221; hide_on_mobile=&#8221;&#8221;][vc_single_image image=&#8221;1558&#8243; img_size=&#8221;large&#8221; alignment=&#8221;right&#8221;][vc_empty_space alter_height=&#8221;small&#8221; hide_on_mobile=&#8221;&#8221;][vc_empty_space alter_height=&#8221;small&#8221;&hellip;<\/p>\n","protected":false},"author":1,"featured_media":0,"parent":0,"menu_order":0,"comment_status":"closed","ping_status":"closed","template":"","meta":{"_gspb_post_css":"","footnotes":""},"class_list":["post-1340","page","type-page","status-publish","hentry"],"_links":{"self":[{"href":"https:\/\/rogowskikrawiectwo.pl\/index.php\/wp-json\/wp\/v2\/pages\/1340","targetHints":{"allow":["GET"]}}],"collection":[{"href":"https:\/\/rogowskikrawiectwo.pl\/index.php\/wp-json\/wp\/v2\/pages"}],"about":[{"href":"https:\/\/rogowskikrawiectwo.pl\/index.php\/wp-json\/wp\/v2\/types\/page"}],"author":[{"embeddable":true,"href":"https:\/\/rogowskikrawiectwo.pl\/index.php\/wp-json\/wp\/v2\/users\/1"}],"replies":[{"embeddable":true,"href":"https:\/\/rogowskikrawiectwo.pl\/index.php\/wp-json\/wp\/v2\/comments?post=1340"}],"version-history":[{"count":19,"href":"https:\/\/rogowskikrawiectwo.pl\/index.php\/wp-json\/wp\/v2\/pages\/1340\/revisions"}],"predecessor-version":[{"id":1766,"href":"https:\/\/rogowskikrawiectwo.pl\/index.php\/wp-json\/wp\/v2\/pages\/1340\/revisions\/1766"}],"wp:attachment":[{"href":"https:\/\/rogowskikrawiectwo.pl\/index.php\/wp-json\/wp\/v2\/media?parent=1340"}],"curies":[{"name":"wp","href":"https:\/\/api.w.org\/{rel}","templated":true}]}}