{"id":1325,"date":"2025-07-28T14:31:54","date_gmt":"2025-07-28T12:31:54","guid":{"rendered":"http:\/\/serwer341089.lh.pl\/autoinstalator\/serwer341089.lh.pl\/wordpress109543\/?page_id=1325"},"modified":"2025-08-10T11:56:58","modified_gmt":"2025-08-10T09:56:58","slug":"kontakt-3","status":"publish","type":"page","link":"https:\/\/rogowskikrawiectwo.pl\/index.php\/kontakt-3\/","title":{"rendered":"Kontakt"},"content":{"rendered":"<div class=\"wpb-content-wrapper\"><p>[vc_row][vc_column][vc_separator style=&#8221;double&#8221; border_width=&#8221;2&#8243;][vc_empty_space alter_height=&#8221;small&#8221; hide_on_mobile=&#8221;&#8221;]<div id=\"sc_title_1600147175\"\n\t\tclass=\"sc_title sc_title_default\"><h3 class=\"sc_item_title sc_title_title sc_align_center sc_item_title_style_style_h1\">Kontakt z zak\u0142adem produkcyjnym!<\/h3><\/div><!-- \/.sc_title -->[vc_empty_space alter_height=&#8221;small&#8221; hide_on_mobile=&#8221;&#8221;][vc_separator style=&#8221;double&#8221; border_width=&#8221;2&#8243;][\/vc_column][\/vc_row][vc_row][vc_column][\/vc_column][\/vc_row][vc_row][vc_column][vc_column_text el_class=&#8221;royal-contact-section&#8221;]<\/p>\n<section class=\"royal-contact-section\">\n<h2 class=\"royal-title\">KONTAKT<\/h2>\n<div class=\"royal-divider\"><\/div>\n<div class=\"contact-details\">\n<p class=\"company-name\">Zak\u0142ad Produkcyjny <span class=\"highlight\">Roland <\/span><\/p>\n<p class=\"address\">ul. Ogrodowa 6<br \/>\n09-100 P\u0142o\u0144sk<\/p>\n<p><strong>NIP:<\/strong> 5671749242<\/p>\n<p><strong>REGON:<span id=\"MainContentForm_lblRegon\">130946624<\/span><\/strong><\/p>\n<p>Jakub Rogowski<\/p>\n<p>tel: 601 162 820<\/p>\n<p class=\"email\"><a href=\"mailto:biuro@rogowskikrawiectwo.pl\">biuro@rogowskikrawiectwo.pl<\/a><\/p>\n<\/div>\n<\/section>\n<p>[\/vc_column_text][\/vc_column][\/vc_row]<\/p>\n<\/div>","protected":false},"excerpt":{"rendered":"<p>[vc_row][vc_column][vc_separator style=&#8221;double&#8221; border_width=&#8221;2&#8243;][vc_empty_space alter_height=&#8221;small&#8221; hide_on_mobile=&#8221;&#8221;][vc_empty_space alter_height=&#8221;small&#8221; hide_on_mobile=&#8221;&#8221;][vc_separator style=&#8221;double&#8221; border_width=&#8221;2&#8243;][\/vc_column][\/vc_row][vc_row][vc_column][\/vc_column][\/vc_row][vc_row][vc_column][vc_column_text el_class=&#8221;royal-contact-section&#8221;] KONTAKT Zak\u0142ad Produkcyjny Roland ul. Ogrodowa 6 09-100 P\u0142o\u0144sk NIP: 5671749242 REGON:130946624 Jakub Rogowski tel: 601 162 820 biuro@rogowskikrawiectwo.pl [\/vc_column_text][\/vc_column][\/vc_row]<\/p>\n","protected":false},"author":1,"featured_media":0,"parent":0,"menu_order":0,"comment_status":"closed","ping_status":"closed","template":"","meta":{"_gspb_post_css":"","footnotes":""},"class_list":["post-1325","page","type-page","status-publish","hentry"],"_links":{"self":[{"href":"https:\/\/rogowskikrawiectwo.pl\/index.php\/wp-json\/wp\/v2\/pages\/1325","targetHints":{"allow":["GET"]}}],"collection":[{"href":"https:\/\/rogowskikrawiectwo.pl\/index.php\/wp-json\/wp\/v2\/pages"}],"about":[{"href":"https:\/\/rogowskikrawiectwo.pl\/index.php\/wp-json\/wp\/v2\/types\/page"}],"author":[{"embeddable":true,"href":"https:\/\/rogowskikrawiectwo.pl\/index.php\/wp-json\/wp\/v2\/users\/1"}],"replies":[{"embeddable":true,"href":"https:\/\/rogowskikrawiectwo.pl\/index.php\/wp-json\/wp\/v2\/comments?post=1325"}],"version-history":[{"count":10,"href":"https:\/\/rogowskikrawiectwo.pl\/index.php\/wp-json\/wp\/v2\/pages\/1325\/revisions"}],"predecessor-version":[{"id":1632,"href":"https:\/\/rogowskikrawiectwo.pl\/index.php\/wp-json\/wp\/v2\/pages\/1325\/revisions\/1632"}],"wp:attachment":[{"href":"https:\/\/rogowskikrawiectwo.pl\/index.php\/wp-json\/wp\/v2\/media?parent=1325"}],"curies":[{"name":"wp","href":"https:\/\/api.w.org\/{rel}","templated":true}]}}